{"id":24776,"date":"2024-12-16T01:02:15","date_gmt":"2024-12-16T01:02:15","guid":{"rendered":"https:\/\/kamagra-official.to\/product\/kamagra-brausetabletten-100mg\/"},"modified":"2026-01-26T14:20:05","modified_gmt":"2026-01-26T14:20:05","slug":"kamagra-brausetabletten-100mg","status":"publish","type":"product","link":"https:\/\/kamagra-official.to\/de\/product\/kamagra-brausetabletten-100mg\/","title":{"rendered":"Kamagra Brausetabletten 100mg"},"content":{"rendered":"<h3><strong>Kamagra Brause-Tabletten 100mg \u2013 Die schnelle, erfrischende Art, die Leistung zu steigern!<\/strong><\/h3>\n<p>Kamagra Brause-Tabletten 100mg sind eine erschwingliche und effektive Alternative zu traditionellem Viagra, entwickelt f\u00fcr M\u00e4nner mit erektiler Dysfunktion. Diese Tabletten enthalten bew\u00e4hrtes <strong>Sildenafil<\/strong> und sind speziell formuliert f\u00fcr eine schnelle und einfache Anwendung \u2013 das Brauseformat sorgt f\u00fcr schnelles Handeln und einen angenehmen Orangengeschmack. Ideal f\u00fcr diejenigen, die zuverl\u00e4ssige Unterst\u00fctzung f\u00fcr Erektionsprobleme suchen oder jeden, der sein intimes Erlebnis steigern m\u00f6chte.<\/p>\n<h3>Hauptvorteile von Kamagra-Brausetabletten<\/h3>\n<ul>\n<li><strong>Schnell wirkend:<\/strong> L\u00f6st sich leicht auf f\u00fcr schnelle Absorption und schnelle Ergebnisse.<\/li>\n<li><strong>Einfach zu benutzen:<\/strong> L\u00f6sen Sie einfach eine Tablette in Wasser auf und trinken Sie diese.<\/li>\n<li><strong>Verbesserte Leistung:<\/strong> Hilft, eine feste Erektion wiederherzustellen und verbessert die sexuelle Ausdauer.<\/li>\n<li><strong>Guter Geschmack:<\/strong> Erfrischender Orangengeschmack maskiert jeden medizinischen Nachgeschmack f\u00fcr eine angenehme Anwendung.<\/li>\n<\/ul>\n<h3>Empfohlene Dosierung<\/h3>\n<p>L\u00f6sen Sie eine Brausetablette in einem Glas Wasser (etwa 300 ml) auf und trinken Sie diese 15\u201330 Minuten vor der geplanten sexuellen Aktivit\u00e4t. \u00dcberschreiten Sie nicht die maximale Menge von <strong>einer Tablette pro Tag<\/strong>.<\/p>\n<h3>Wirkungseintritt<\/h3>\n<p>Kamagra Brause-Tabletten 100mg beginnen innerhalb von Minuten zu wirken. Die meisten Benutzer genie\u00dfen <strong>4\u20136 Stunden<\/strong> Wirksamkeit, manchmal l\u00e4nger. Sexuelle Stimulation ist erforderlich; dieses Produkt ist kein Aphrodisiakum und erh\u00f6ht nicht das Verlangen.<\/p>\n<h3>Wechselwirkungen mit Alkohol und Lebensmitteln<\/h3>\n<p>Der Genuss von Alkohol wird w\u00e4hrend der Behandlung mit Kamagra Brause-Tabletten 100mg nicht empfohlen, da er die Wirksamkeit verringert. Schwere oder fettige Mahlzeiten k\u00f6nnen ebenfalls die Absorption und den Wirkungseintritt verlangsamen.<\/p>\n<h3>M\u00f6gliche Nebenwirkungen<\/h3>\n<p>Nebenwirkungen sind in der Regel mild und vor\u00fcbergehend. Am h\u00e4ufigsten gemeldet:<\/p>\n<ul>\n<li>Kopfschmerzen<\/li>\n<li>Nasenbluten<\/li>\n<li>Schlaflosigkeit<\/li>\n<li>Durchfall<\/li>\n<\/ul>\n<p><strong>Weniger h\u00e4ufige Symptome<\/strong> umfassen Schwindel, verschwommenes Sehen, Muskelschmerzen, \u00dcbelkeit, Hautausschlag oder eine verstopfte Nase. Wenn Sie anhaltende oder schwere Probleme haben, wenden Sie sich an Ihren Arzt.<\/p>\n<h3>Wann Kamagra Brause-Tabletten nicht zu verwenden sind<\/h3>\n<ul>\n<li>Bei Einnahme von <strong>Nitrat-Medikamenten<\/strong> (bei Angina pectoris).<\/li>\n<li>Wenn Sie in den letzten 3 Monaten einen Herzinfarkt, Schlaganfall oder Herzversagen hatten.<\/li>\n<li>Wenn Sie an Blutdruck- oder Gerinnungsst\u00f6rungen leiden.<\/li>\n<li>Wenn Sie allergisch gegen <strong>Sildenafil<\/strong> sind.<\/li>\n<\/ul>\n<h3>Aufbewahrung<\/h3>\n<p>Bewahren Sie Kamagra Brause-Tabletten 100mg in ihrer Originalverpackung auf, fern von Kindern, bei <strong>10\u201330\u00b0C<\/strong> an einem trockenen Ort, gesch\u00fctzt vor direkter Sonneneinstrahlung.<\/p>\n","protected":false},"excerpt":{"rendered":"<p><strong>Kamagra Brausetabletten 100mg<\/strong><\/p>\n<p>Erleben Sie schnelle, zuverl\u00e4ssige Unterst\u00fctzung f\u00fcr die erektile Funktion mit Kamagra Brausetabletten. Leicht zu l\u00f6sen und angenehm zu trinken, jede 100mg Tablette ist f\u00fcr schnelle Wirkung konzipiert &#8211; ideal f\u00fcr M\u00e4nner, die sowohl Bequemlichkeit als auch kr\u00e4ftige Ergebnisse suchen.<\/p>\n","protected":false},"featured_media":23812,"template":"","meta":[],"product_brand":[],"product_cat":[137,218,135,138],"product_tag":[],"class_list":{"0":"post-24776","1":"product","2":"type-product","3":"status-publish","4":"has-post-thumbnail","6":"product_cat-erektionsunterstutzung","7":"product_cat-kamagra-de","8":"product_cat-kamagra-tabletten","9":"product_cat-viagra-ohne-rezept","11":"first","12":"instock","13":"shipping-taxable","14":"purchasable","15":"product-type-simple"},"yoast_head":"<!-- This site is optimized with the Yoast SEO plugin v27.5 - https:\/\/yoast.com\/product\/yoast-seo-wordpress\/ -->\n<title>Kamagra 100mg kaufen \u2013 Schnelle Erektionshilfe kamagra-official.to<\/title>\n<meta name=\"description\" content=\"Kamagra Brausetabletten 100mg bieten eine schnelle und effektive Behandlung bei Erektionsproblemen. Einfach in Wasser aufl\u00f6sen, diskrete Lieferung und sichere Bestellung online. Erleben Sie wieder ein erf\u00fclltes Liebesleben!\" \/>\n<meta name=\"robots\" content=\"index, follow, max-snippet:-1, max-image-preview:large, max-video-preview:-1\" \/>\n<link rel=\"canonical\" href=\"https:\/\/kamagra-official.to\/de\/product\/kamagra-brausetabletten-100mg\/\" \/>\n<meta property=\"og:locale\" content=\"de_DE\" \/>\n<meta property=\"og:type\" content=\"article\" \/>\n<meta property=\"og:title\" content=\"Kamagra 100mg kaufen \u2013 Schnelle Erektionshilfe kamagra-official.to\" \/>\n<meta property=\"og:description\" content=\"Kamagra Brausetabletten 100mg bieten eine schnelle und effektive Behandlung bei Erektionsproblemen. Einfach in Wasser aufl\u00f6sen, diskrete Lieferung und sichere Bestellung online. Erleben Sie wieder ein erf\u00fclltes Liebesleben!\" \/>\n<meta property=\"og:url\" content=\"https:\/\/kamagra-official.to\/de\/product\/kamagra-brausetabletten-100mg\/\" \/>\n<meta property=\"og:site_name\" content=\"kamagra-official.to\" \/>\n<meta property=\"article:modified_time\" content=\"2026-01-26T14:20:05+00:00\" \/>\n<meta property=\"og:image\" content=\"https:\/\/kamagra-official.to\/wp-content\/uploads\/2025\/09\/effervescent-768x768-1.jpg\" \/>\n\t<meta property=\"og:image:width\" content=\"768\" \/>\n\t<meta property=\"og:image:height\" content=\"768\" \/>\n\t<meta property=\"og:image:type\" content=\"image\/jpeg\" \/>\n<meta name=\"twitter:card\" content=\"summary_large_image\" \/>\n<meta name=\"twitter:label1\" content=\"Gesch\u00e4tzte Lesezeit\" \/>\n\t<meta name=\"twitter:data1\" content=\"2\u00a0Minuten\" \/>\n<script type=\"application\/ld+json\" class=\"yoast-schema-graph\">{\"@context\":\"https:\\\/\\\/schema.org\",\"@graph\":[{\"@type\":\"WebPage\",\"@id\":\"https:\\\/\\\/kamagra-official.to\\\/de\\\/product\\\/kamagra-brausetabletten-100mg\\\/\",\"url\":\"https:\\\/\\\/kamagra-official.to\\\/de\\\/product\\\/kamagra-brausetabletten-100mg\\\/\",\"name\":\"Kamagra 100mg kaufen \u2013 Schnelle Erektionshilfe kamagra-official.to\",\"isPartOf\":{\"@id\":\"https:\\\/\\\/kamagra-official.to\\\/#website\"},\"primaryImageOfPage\":{\"@id\":\"https:\\\/\\\/kamagra-official.to\\\/de\\\/product\\\/kamagra-brausetabletten-100mg\\\/#primaryimage\"},\"image\":{\"@id\":\"https:\\\/\\\/kamagra-official.to\\\/de\\\/product\\\/kamagra-brausetabletten-100mg\\\/#primaryimage\"},\"thumbnailUrl\":\"https:\\\/\\\/kamagra-official.to\\\/wp-content\\\/uploads\\\/2025\\\/09\\\/effervescent-768x768-1.jpg\",\"datePublished\":\"2024-12-16T01:02:15+00:00\",\"dateModified\":\"2026-01-26T14:20:05+00:00\",\"description\":\"Kamagra Brausetabletten 100mg bieten eine schnelle und effektive Behandlung bei Erektionsproblemen. Einfach in Wasser aufl\u00f6sen, diskrete Lieferung und sichere Bestellung online. Erleben Sie wieder ein erf\u00fclltes Liebesleben!\",\"breadcrumb\":{\"@id\":\"https:\\\/\\\/kamagra-official.to\\\/de\\\/product\\\/kamagra-brausetabletten-100mg\\\/#breadcrumb\"},\"inLanguage\":\"de\",\"potentialAction\":[{\"@type\":\"ReadAction\",\"target\":[\"https:\\\/\\\/kamagra-official.to\\\/de\\\/product\\\/kamagra-brausetabletten-100mg\\\/\"]}]},{\"@type\":\"ImageObject\",\"inLanguage\":\"de\",\"@id\":\"https:\\\/\\\/kamagra-official.to\\\/de\\\/product\\\/kamagra-brausetabletten-100mg\\\/#primaryimage\",\"url\":\"https:\\\/\\\/kamagra-official.to\\\/wp-content\\\/uploads\\\/2025\\\/09\\\/effervescent-768x768-1.jpg\",\"contentUrl\":\"https:\\\/\\\/kamagra-official.to\\\/wp-content\\\/uploads\\\/2025\\\/09\\\/effervescent-768x768-1.jpg\",\"width\":768,\"height\":768},{\"@type\":\"BreadcrumbList\",\"@id\":\"https:\\\/\\\/kamagra-official.to\\\/de\\\/product\\\/kamagra-brausetabletten-100mg\\\/#breadcrumb\",\"itemListElement\":[{\"@type\":\"ListItem\",\"position\":1,\"name\":\"Home\",\"item\":\"https:\\\/\\\/kamagra-official.to\\\/nl\\\/\"},{\"@type\":\"ListItem\",\"position\":2,\"name\":\"Shop\",\"item\":\"https:\\\/\\\/kamagra-official.to\\\/shop\\\/\"},{\"@type\":\"ListItem\",\"position\":3,\"name\":\"Kamagra Brausetabletten 100mg\"}]},{\"@type\":\"WebSite\",\"@id\":\"https:\\\/\\\/kamagra-official.to\\\/#website\",\"url\":\"https:\\\/\\\/kamagra-official.to\\\/\",\"name\":\"kamagra-official.to\",\"description\":\"Revitalize Your Sexual Energy Across Europe\",\"publisher\":{\"@id\":\"https:\\\/\\\/kamagra-official.to\\\/#organization\"},\"potentialAction\":[{\"@type\":\"SearchAction\",\"target\":{\"@type\":\"EntryPoint\",\"urlTemplate\":\"https:\\\/\\\/kamagra-official.to\\\/?s={search_term_string}\"},\"query-input\":{\"@type\":\"PropertyValueSpecification\",\"valueRequired\":true,\"valueName\":\"search_term_string\"}}],\"inLanguage\":\"de\"},{\"@type\":\"Organization\",\"@id\":\"https:\\\/\\\/kamagra-official.to\\\/#organization\",\"name\":\"kamagra-official.to\",\"url\":\"https:\\\/\\\/kamagra-official.to\\\/\",\"logo\":{\"@type\":\"ImageObject\",\"inLanguage\":\"de\",\"@id\":\"https:\\\/\\\/kamagra-official.to\\\/#\\\/schema\\\/logo\\\/image\\\/\",\"url\":\"https:\\\/\\\/kamagra-official.to\\\/wp-content\\\/uploads\\\/2025\\\/02\\\/KAMAGRA-Photoroom-1.png\",\"contentUrl\":\"https:\\\/\\\/kamagra-official.to\\\/wp-content\\\/uploads\\\/2025\\\/02\\\/KAMAGRA-Photoroom-1.png\",\"width\":150,\"height\":153,\"caption\":\"kamagra-official.to\"},\"image\":{\"@id\":\"https:\\\/\\\/kamagra-official.to\\\/#\\\/schema\\\/logo\\\/image\\\/\"}}]}<\/script>\n<!-- \/ Yoast SEO plugin. -->","yoast_head_json":{"title":"Kamagra 100mg kaufen \u2013 Schnelle Erektionshilfe kamagra-official.to","description":"Kamagra Brausetabletten 100mg bieten eine schnelle und effektive Behandlung bei Erektionsproblemen. Einfach in Wasser aufl\u00f6sen, diskrete Lieferung und sichere Bestellung online. Erleben Sie wieder ein erf\u00fclltes Liebesleben!","robots":{"index":"index","follow":"follow","max-snippet":"max-snippet:-1","max-image-preview":"max-image-preview:large","max-video-preview":"max-video-preview:-1"},"canonical":"https:\/\/kamagra-official.to\/de\/product\/kamagra-brausetabletten-100mg\/","og_locale":"de_DE","og_type":"article","og_title":"Kamagra 100mg kaufen \u2013 Schnelle Erektionshilfe kamagra-official.to","og_description":"Kamagra Brausetabletten 100mg bieten eine schnelle und effektive Behandlung bei Erektionsproblemen. Einfach in Wasser aufl\u00f6sen, diskrete Lieferung und sichere Bestellung online. Erleben Sie wieder ein erf\u00fclltes Liebesleben!","og_url":"https:\/\/kamagra-official.to\/de\/product\/kamagra-brausetabletten-100mg\/","og_site_name":"kamagra-official.to","article_modified_time":"2026-01-26T14:20:05+00:00","og_image":[{"width":768,"height":768,"url":"https:\/\/kamagra-official.to\/wp-content\/uploads\/2025\/09\/effervescent-768x768-1.jpg","type":"image\/jpeg"}],"twitter_card":"summary_large_image","twitter_misc":{"Gesch\u00e4tzte Lesezeit":"2\u00a0Minuten"},"schema":{"@context":"https:\/\/schema.org","@graph":[{"@type":"WebPage","@id":"https:\/\/kamagra-official.to\/de\/product\/kamagra-brausetabletten-100mg\/","url":"https:\/\/kamagra-official.to\/de\/product\/kamagra-brausetabletten-100mg\/","name":"Kamagra 100mg kaufen \u2013 Schnelle Erektionshilfe kamagra-official.to","isPartOf":{"@id":"https:\/\/kamagra-official.to\/#website"},"primaryImageOfPage":{"@id":"https:\/\/kamagra-official.to\/de\/product\/kamagra-brausetabletten-100mg\/#primaryimage"},"image":{"@id":"https:\/\/kamagra-official.to\/de\/product\/kamagra-brausetabletten-100mg\/#primaryimage"},"thumbnailUrl":"https:\/\/kamagra-official.to\/wp-content\/uploads\/2025\/09\/effervescent-768x768-1.jpg","datePublished":"2024-12-16T01:02:15+00:00","dateModified":"2026-01-26T14:20:05+00:00","description":"Kamagra Brausetabletten 100mg bieten eine schnelle und effektive Behandlung bei Erektionsproblemen. Einfach in Wasser aufl\u00f6sen, diskrete Lieferung und sichere Bestellung online. Erleben Sie wieder ein erf\u00fclltes Liebesleben!","breadcrumb":{"@id":"https:\/\/kamagra-official.to\/de\/product\/kamagra-brausetabletten-100mg\/#breadcrumb"},"inLanguage":"de","potentialAction":[{"@type":"ReadAction","target":["https:\/\/kamagra-official.to\/de\/product\/kamagra-brausetabletten-100mg\/"]}]},{"@type":"ImageObject","inLanguage":"de","@id":"https:\/\/kamagra-official.to\/de\/product\/kamagra-brausetabletten-100mg\/#primaryimage","url":"https:\/\/kamagra-official.to\/wp-content\/uploads\/2025\/09\/effervescent-768x768-1.jpg","contentUrl":"https:\/\/kamagra-official.to\/wp-content\/uploads\/2025\/09\/effervescent-768x768-1.jpg","width":768,"height":768},{"@type":"BreadcrumbList","@id":"https:\/\/kamagra-official.to\/de\/product\/kamagra-brausetabletten-100mg\/#breadcrumb","itemListElement":[{"@type":"ListItem","position":1,"name":"Home","item":"https:\/\/kamagra-official.to\/nl\/"},{"@type":"ListItem","position":2,"name":"Shop","item":"https:\/\/kamagra-official.to\/shop\/"},{"@type":"ListItem","position":3,"name":"Kamagra Brausetabletten 100mg"}]},{"@type":"WebSite","@id":"https:\/\/kamagra-official.to\/#website","url":"https:\/\/kamagra-official.to\/","name":"kamagra-official.to","description":"Revitalize Your Sexual Energy Across Europe","publisher":{"@id":"https:\/\/kamagra-official.to\/#organization"},"potentialAction":[{"@type":"SearchAction","target":{"@type":"EntryPoint","urlTemplate":"https:\/\/kamagra-official.to\/?s={search_term_string}"},"query-input":{"@type":"PropertyValueSpecification","valueRequired":true,"valueName":"search_term_string"}}],"inLanguage":"de"},{"@type":"Organization","@id":"https:\/\/kamagra-official.to\/#organization","name":"kamagra-official.to","url":"https:\/\/kamagra-official.to\/","logo":{"@type":"ImageObject","inLanguage":"de","@id":"https:\/\/kamagra-official.to\/#\/schema\/logo\/image\/","url":"https:\/\/kamagra-official.to\/wp-content\/uploads\/2025\/02\/KAMAGRA-Photoroom-1.png","contentUrl":"https:\/\/kamagra-official.to\/wp-content\/uploads\/2025\/02\/KAMAGRA-Photoroom-1.png","width":150,"height":153,"caption":"kamagra-official.to"},"image":{"@id":"https:\/\/kamagra-official.to\/#\/schema\/logo\/image\/"}}]}},"_links":{"self":[{"href":"https:\/\/kamagra-official.to\/de\/wp-json\/wp\/v2\/product\/24776","targetHints":{"allow":["GET"]}}],"collection":[{"href":"https:\/\/kamagra-official.to\/de\/wp-json\/wp\/v2\/product"}],"about":[{"href":"https:\/\/kamagra-official.to\/de\/wp-json\/wp\/v2\/types\/product"}],"wp:featuredmedia":[{"embeddable":true,"href":"https:\/\/kamagra-official.to\/de\/wp-json\/wp\/v2\/media\/23812"}],"wp:attachment":[{"href":"https:\/\/kamagra-official.to\/de\/wp-json\/wp\/v2\/media?parent=24776"}],"wp:term":[{"taxonomy":"product_brand","embeddable":true,"href":"https:\/\/kamagra-official.to\/de\/wp-json\/wp\/v2\/product_brand?post=24776"},{"taxonomy":"product_cat","embeddable":true,"href":"https:\/\/kamagra-official.to\/de\/wp-json\/wp\/v2\/product_cat?post=24776"},{"taxonomy":"product_tag","embeddable":true,"href":"https:\/\/kamagra-official.to\/de\/wp-json\/wp\/v2\/product_tag?post=24776"}],"curies":[{"name":"wp","href":"https:\/\/api.w.org\/{rel}","templated":true}]}}