{"id":24766,"date":"2024-12-16T01:10:06","date_gmt":"2024-12-16T01:10:06","guid":{"rendered":"https:\/\/kamagra-official.to\/product\/cenforce-200mg\/"},"modified":"2026-01-26T14:19:19","modified_gmt":"2026-01-26T14:19:19","slug":"cenforce-200mg","status":"publish","type":"product","link":"https:\/\/kamagra-official.to\/de\/product\/cenforce-200mg\/","title":{"rendered":"Cenforce 200mg"},"content":{"rendered":"<h3><strong>Cenforce 200mg \u2013 F\u00fcr das ultimative und fesselnde Erektionserlebnis<\/strong><\/h3>\n<p>Cenforce 200mg ist ein starkes Medikament, das f\u00fcr M\u00e4nner entwickelt wurde, die an erektiler Dysfunktion leiden und maximale Wirksamkeit ben\u00f6tigen. Als st\u00e4rkste generische Version von Viagra, liefert Cenforce 200mg eine kraftvolle 200mg Dosis Sildenafilcitrat &#8211; doppelt so potent wie in Standard Kamagra. Sildenafil wirkt, indem es die Durchblutung im Penis erh\u00f6ht, was zu einer soliden und anhaltenden Erektion f\u00fchrt.<\/p>\n<h3>Hauptvorteile<\/h3>\n<ul>\n<li><strong>Zuverl\u00e4ssige Wirkung:<\/strong> Sildenafil ist eine bew\u00e4hrte und vertrauensw\u00fcrdige L\u00f6sung zur Behandlung von Erektionsschwierigkeiten.<\/li>\n<li><strong>Langanhaltende Wirkung:<\/strong> Genie\u00dfen Sie die Vorteile f\u00fcr <strong>4\u20136 Stunden<\/strong>, was ein ausgedehntes und erf\u00fcllendes intimes Erlebnis erm\u00f6glicht.<\/li>\n<li><strong>Starke Erektionen:<\/strong> Eine erh\u00f6hte Durchblutung f\u00fchrt zu festeren, stabileren Erektionen und verbesserter Leistung.<\/li>\n<li><strong>Erneuertes Selbstvertrauen:<\/strong> Cenforce 200mg hilft, das Selbstvertrauen w\u00e4hrend sexueller Aktivit\u00e4ten wiederherzustellen.<\/li>\n<\/ul>\n<h3>Empfohlene Dosierung<\/h3>\n<p>Beginnen Sie mit <strong>einer halben Tablette (100mg)<\/strong>. Wenn n\u00f6tig, erh\u00f6hen Sie auf eine volle Tablette (<strong>200mg<\/strong>). Nehmen Sie nie mehr als eine Tablette in einem 24-Stunden-Zeitraum ein. Schlucken Sie die Tablette mit viel Wasser.<\/p>\n<h3>Wirkungsweise<\/h3>\n<p>Die Wirkung beginnt etwa <strong>30\u201360 Minuten<\/strong> nach der Einnahme von Cenforce 200mg und h\u00e4lt in der Regel etwa <strong>5 Stunden<\/strong> an. Schwere oder fettreiche Mahlzeiten k\u00f6nnen den Beginn verz\u00f6gern. Dies ist kein Aphrodisiakum; sexuelle Erregung ist f\u00fcr eine optimale Wirkung notwendig.<\/p>\n<h3>Cenforce 200mg und Alkohol<\/h3>\n<p>Vermeiden Sie die Einnahme von Cenforce 200mg zusammen mit Alkohol, da dies die Wirksamkeit erheblich mindern kann. Vermeiden Sie \u00e4hnlich auch fettige Lebensmittel, die die gew\u00fcnschten Ergebnisse schw\u00e4chen k\u00f6nnen.<\/p>\n<h3>Wechselwirkungen mit anderen Arzneimitteln<\/h3>\n<p>Konsultieren Sie Ihren Arzt, bevor Sie Cenforce 200mg zusammen mit anderen Medikamenten einnehmen, insbesondere:<\/p>\n<ul>\n<li><strong>Cimetidin<\/strong><\/li>\n<li><strong>Ketoconazol<\/strong><\/li>\n<li><strong>Erythromycin<\/strong><\/li>\n<\/ul>\n<p>Bestimmte Kombinationen von Medikamenten k\u00f6nnen die Wirksamkeit verringern oder das Risiko von Nebenwirkungen erh\u00f6hen.<\/p>\n<h3>M\u00f6gliche Nebenwirkungen<\/h3>\n<p>Bei sachgem\u00e4\u00dfer Anwendung sind die Nebenwirkungen von Cenforce 200mg in der Regel mild und vor\u00fcbergehend.<\/p>\n<p><strong>H\u00e4ufige Nebenwirkungen:<\/strong><\/p>\n<ul>\n<li>Gesichtsr\u00f6tung<\/li>\n<li>Kopfschmerzen<\/li>\n<\/ul>\n<p><strong>Seltene Nebenwirkungen:<\/strong><\/p>\n<ul>\n<li>Schwindel<\/li>\n<li>Verschwommenes Sehen<\/li>\n<li>Muskelbeschwerden<\/li>\n<li>\u00dcbelkeit<\/li>\n<li>Nasenverstopfung<\/li>\n<li>Hautausschlag<\/li>\n<\/ul>\n<p>Suchen Sie bei starken oder unangenehmen Reaktionen medizinische Hilfe auf.<\/p>\n<h3>Wann man Cenforce 200mg nicht verwenden sollte<\/h3>\n<p>Nehmen Sie dieses Medikament nicht ein, wenn:<\/p>\n<ul>\n<li>Sie <strong>Nitratmedikamente<\/strong> einnehmen (f\u00fcr Brustschmerzen oder Angina).<\/li>\n<li>Sie in den letzten 3\u20136 Monaten einen <strong>Herzinfarkt<\/strong> oder <strong>Schlaganfall<\/strong> hatten.<\/li>\n<li>Sie an <strong>Bluthochdruck<\/strong> oder <strong>Gerinnungsst\u00f6rungen<\/strong> leiden.<\/li>\n<li>Sie allergisch gegen <strong>Sildenafil<\/strong> oder eine Komponente dieses Produkts sind.<\/li>\n<\/ul>\n<h3>Aufbewahrungsinformation<\/h3>\n<p>Bewahren Sie Cenforce 200mg in der Originalverpackung, au\u00dferhalb der Reichweite von Kindern auf. Lagern Sie es an einem trockenen Ort bei <strong>10\u201330\u00b0C<\/strong>, gesch\u00fctzt vor direktem Sonnenlicht.<\/p>\n","protected":false},"excerpt":{"rendered":"<p><strong>200 mg Sildenafil<\/strong><\/p>\n<p>Dieses Paket enth\u00e4lt 10 Tabletten, jede mit einer starken 200 mg Dosis Sildenafil. Entwickelt f\u00fcr M\u00e4nner mit anspruchsvolleren Erektionsproblemen, bieten diese Tabletten zus\u00e4tzliche St\u00e4rke und zuverl\u00e4ssige Ergebnisse, wenn sie am meisten ben\u00f6tigt werden. 200 mg Sildenafil bietet eine praktische Verpackung, schnelle Unterst\u00fctzung und anhaltendes Vertrauen f\u00fcr Ihr intimes Leben.<\/p>\n","protected":false},"featured_media":23823,"template":"","meta":[],"product_brand":[],"product_cat":[137,106,135,138],"product_tag":[],"class_list":{"0":"post-24766","1":"product","2":"type-product","3":"status-publish","4":"has-post-thumbnail","6":"product_cat-erektionsunterstutzung","7":"product_cat-generisches-viagra","8":"product_cat-kamagra-tabletten","9":"product_cat-viagra-ohne-rezept","11":"first","12":"instock","13":"shipping-taxable","14":"purchasable","15":"product-type-simple"},"yoast_head":"<!-- This site is optimized with the Yoast SEO plugin v27.5 - https:\/\/yoast.com\/product\/yoast-seo-wordpress\/ -->\n<title>Cenforce 200mg kaufen \u2013 Starke Hilfe bei Erektionsst\u00f6rungen kamagra-official.to<\/title>\n<meta name=\"description\" content=\"Cenforce 200mg ist eine potente L\u00f6sung gegen Erektionsprobleme. Schnelle Wirksamkeit, diskrete Lieferung und unkomplizierte Online-Bestellung. Verbessern Sie Ihr Liebesleben noch heute!\" \/>\n<meta name=\"robots\" content=\"index, follow, max-snippet:-1, max-image-preview:large, max-video-preview:-1\" \/>\n<link rel=\"canonical\" href=\"https:\/\/kamagra-official.to\/de\/product\/cenforce-200mg\/\" \/>\n<meta property=\"og:locale\" content=\"de_DE\" \/>\n<meta property=\"og:type\" content=\"article\" \/>\n<meta property=\"og:title\" content=\"Cenforce 200mg kaufen \u2013 Starke Hilfe bei Erektionsst\u00f6rungen kamagra-official.to\" \/>\n<meta property=\"og:description\" content=\"Cenforce 200mg ist eine potente L\u00f6sung gegen Erektionsprobleme. Schnelle Wirksamkeit, diskrete Lieferung und unkomplizierte Online-Bestellung. Verbessern Sie Ihr Liebesleben noch heute!\" \/>\n<meta property=\"og:url\" content=\"https:\/\/kamagra-official.to\/de\/product\/cenforce-200mg\/\" \/>\n<meta property=\"og:site_name\" content=\"kamagra-official.to\" \/>\n<meta property=\"article:modified_time\" content=\"2026-01-26T14:19:19+00:00\" \/>\n<meta property=\"og:image\" content=\"https:\/\/kamagra-official.to\/wp-content\/uploads\/2025\/09\/cenforce-200-2-768x768-1.jpg\" \/>\n\t<meta property=\"og:image:width\" content=\"768\" \/>\n\t<meta property=\"og:image:height\" content=\"768\" \/>\n\t<meta property=\"og:image:type\" content=\"image\/jpeg\" \/>\n<meta name=\"twitter:card\" content=\"summary_large_image\" \/>\n<meta name=\"twitter:label1\" content=\"Gesch\u00e4tzte Lesezeit\" \/>\n\t<meta name=\"twitter:data1\" content=\"2\u00a0Minuten\" \/>\n<script type=\"application\/ld+json\" class=\"yoast-schema-graph\">{\"@context\":\"https:\\\/\\\/schema.org\",\"@graph\":[{\"@type\":\"WebPage\",\"@id\":\"https:\\\/\\\/kamagra-official.to\\\/de\\\/product\\\/cenforce-200mg\\\/\",\"url\":\"https:\\\/\\\/kamagra-official.to\\\/de\\\/product\\\/cenforce-200mg\\\/\",\"name\":\"Cenforce 200mg kaufen \u2013 Starke Hilfe bei Erektionsst\u00f6rungen kamagra-official.to\",\"isPartOf\":{\"@id\":\"https:\\\/\\\/kamagra-official.to\\\/#website\"},\"primaryImageOfPage\":{\"@id\":\"https:\\\/\\\/kamagra-official.to\\\/de\\\/product\\\/cenforce-200mg\\\/#primaryimage\"},\"image\":{\"@id\":\"https:\\\/\\\/kamagra-official.to\\\/de\\\/product\\\/cenforce-200mg\\\/#primaryimage\"},\"thumbnailUrl\":\"https:\\\/\\\/kamagra-official.to\\\/wp-content\\\/uploads\\\/2025\\\/09\\\/cenforce-200-2-768x768-1.jpg\",\"datePublished\":\"2024-12-16T01:10:06+00:00\",\"dateModified\":\"2026-01-26T14:19:19+00:00\",\"description\":\"Cenforce 200mg ist eine potente L\u00f6sung gegen Erektionsprobleme. Schnelle Wirksamkeit, diskrete Lieferung und unkomplizierte Online-Bestellung. Verbessern Sie Ihr Liebesleben noch heute!\",\"breadcrumb\":{\"@id\":\"https:\\\/\\\/kamagra-official.to\\\/de\\\/product\\\/cenforce-200mg\\\/#breadcrumb\"},\"inLanguage\":\"de\",\"potentialAction\":[{\"@type\":\"ReadAction\",\"target\":[\"https:\\\/\\\/kamagra-official.to\\\/de\\\/product\\\/cenforce-200mg\\\/\"]}]},{\"@type\":\"ImageObject\",\"inLanguage\":\"de\",\"@id\":\"https:\\\/\\\/kamagra-official.to\\\/de\\\/product\\\/cenforce-200mg\\\/#primaryimage\",\"url\":\"https:\\\/\\\/kamagra-official.to\\\/wp-content\\\/uploads\\\/2025\\\/09\\\/cenforce-200-2-768x768-1.jpg\",\"contentUrl\":\"https:\\\/\\\/kamagra-official.to\\\/wp-content\\\/uploads\\\/2025\\\/09\\\/cenforce-200-2-768x768-1.jpg\",\"width\":768,\"height\":768},{\"@type\":\"BreadcrumbList\",\"@id\":\"https:\\\/\\\/kamagra-official.to\\\/de\\\/product\\\/cenforce-200mg\\\/#breadcrumb\",\"itemListElement\":[{\"@type\":\"ListItem\",\"position\":1,\"name\":\"Home\",\"item\":\"https:\\\/\\\/kamagra-official.to\\\/nl\\\/\"},{\"@type\":\"ListItem\",\"position\":2,\"name\":\"Shop\",\"item\":\"https:\\\/\\\/kamagra-official.to\\\/shop\\\/\"},{\"@type\":\"ListItem\",\"position\":3,\"name\":\"Cenforce 200mg\"}]},{\"@type\":\"WebSite\",\"@id\":\"https:\\\/\\\/kamagra-official.to\\\/#website\",\"url\":\"https:\\\/\\\/kamagra-official.to\\\/\",\"name\":\"kamagra-official.to\",\"description\":\"Revitalize Your Sexual Energy Across Europe\",\"publisher\":{\"@id\":\"https:\\\/\\\/kamagra-official.to\\\/#organization\"},\"potentialAction\":[{\"@type\":\"SearchAction\",\"target\":{\"@type\":\"EntryPoint\",\"urlTemplate\":\"https:\\\/\\\/kamagra-official.to\\\/?s={search_term_string}\"},\"query-input\":{\"@type\":\"PropertyValueSpecification\",\"valueRequired\":true,\"valueName\":\"search_term_string\"}}],\"inLanguage\":\"de\"},{\"@type\":\"Organization\",\"@id\":\"https:\\\/\\\/kamagra-official.to\\\/#organization\",\"name\":\"kamagra-official.to\",\"url\":\"https:\\\/\\\/kamagra-official.to\\\/\",\"logo\":{\"@type\":\"ImageObject\",\"inLanguage\":\"de\",\"@id\":\"https:\\\/\\\/kamagra-official.to\\\/#\\\/schema\\\/logo\\\/image\\\/\",\"url\":\"https:\\\/\\\/kamagra-official.to\\\/wp-content\\\/uploads\\\/2025\\\/02\\\/KAMAGRA-Photoroom-1.png\",\"contentUrl\":\"https:\\\/\\\/kamagra-official.to\\\/wp-content\\\/uploads\\\/2025\\\/02\\\/KAMAGRA-Photoroom-1.png\",\"width\":150,\"height\":153,\"caption\":\"kamagra-official.to\"},\"image\":{\"@id\":\"https:\\\/\\\/kamagra-official.to\\\/#\\\/schema\\\/logo\\\/image\\\/\"}}]}<\/script>\n<!-- \/ Yoast SEO plugin. -->","yoast_head_json":{"title":"Cenforce 200mg kaufen \u2013 Starke Hilfe bei Erektionsst\u00f6rungen kamagra-official.to","description":"Cenforce 200mg ist eine potente L\u00f6sung gegen Erektionsprobleme. Schnelle Wirksamkeit, diskrete Lieferung und unkomplizierte Online-Bestellung. Verbessern Sie Ihr Liebesleben noch heute!","robots":{"index":"index","follow":"follow","max-snippet":"max-snippet:-1","max-image-preview":"max-image-preview:large","max-video-preview":"max-video-preview:-1"},"canonical":"https:\/\/kamagra-official.to\/de\/product\/cenforce-200mg\/","og_locale":"de_DE","og_type":"article","og_title":"Cenforce 200mg kaufen \u2013 Starke Hilfe bei Erektionsst\u00f6rungen kamagra-official.to","og_description":"Cenforce 200mg ist eine potente L\u00f6sung gegen Erektionsprobleme. Schnelle Wirksamkeit, diskrete Lieferung und unkomplizierte Online-Bestellung. Verbessern Sie Ihr Liebesleben noch heute!","og_url":"https:\/\/kamagra-official.to\/de\/product\/cenforce-200mg\/","og_site_name":"kamagra-official.to","article_modified_time":"2026-01-26T14:19:19+00:00","og_image":[{"width":768,"height":768,"url":"https:\/\/kamagra-official.to\/wp-content\/uploads\/2025\/09\/cenforce-200-2-768x768-1.jpg","type":"image\/jpeg"}],"twitter_card":"summary_large_image","twitter_misc":{"Gesch\u00e4tzte Lesezeit":"2\u00a0Minuten"},"schema":{"@context":"https:\/\/schema.org","@graph":[{"@type":"WebPage","@id":"https:\/\/kamagra-official.to\/de\/product\/cenforce-200mg\/","url":"https:\/\/kamagra-official.to\/de\/product\/cenforce-200mg\/","name":"Cenforce 200mg kaufen \u2013 Starke Hilfe bei Erektionsst\u00f6rungen kamagra-official.to","isPartOf":{"@id":"https:\/\/kamagra-official.to\/#website"},"primaryImageOfPage":{"@id":"https:\/\/kamagra-official.to\/de\/product\/cenforce-200mg\/#primaryimage"},"image":{"@id":"https:\/\/kamagra-official.to\/de\/product\/cenforce-200mg\/#primaryimage"},"thumbnailUrl":"https:\/\/kamagra-official.to\/wp-content\/uploads\/2025\/09\/cenforce-200-2-768x768-1.jpg","datePublished":"2024-12-16T01:10:06+00:00","dateModified":"2026-01-26T14:19:19+00:00","description":"Cenforce 200mg ist eine potente L\u00f6sung gegen Erektionsprobleme. Schnelle Wirksamkeit, diskrete Lieferung und unkomplizierte Online-Bestellung. Verbessern Sie Ihr Liebesleben noch heute!","breadcrumb":{"@id":"https:\/\/kamagra-official.to\/de\/product\/cenforce-200mg\/#breadcrumb"},"inLanguage":"de","potentialAction":[{"@type":"ReadAction","target":["https:\/\/kamagra-official.to\/de\/product\/cenforce-200mg\/"]}]},{"@type":"ImageObject","inLanguage":"de","@id":"https:\/\/kamagra-official.to\/de\/product\/cenforce-200mg\/#primaryimage","url":"https:\/\/kamagra-official.to\/wp-content\/uploads\/2025\/09\/cenforce-200-2-768x768-1.jpg","contentUrl":"https:\/\/kamagra-official.to\/wp-content\/uploads\/2025\/09\/cenforce-200-2-768x768-1.jpg","width":768,"height":768},{"@type":"BreadcrumbList","@id":"https:\/\/kamagra-official.to\/de\/product\/cenforce-200mg\/#breadcrumb","itemListElement":[{"@type":"ListItem","position":1,"name":"Home","item":"https:\/\/kamagra-official.to\/nl\/"},{"@type":"ListItem","position":2,"name":"Shop","item":"https:\/\/kamagra-official.to\/shop\/"},{"@type":"ListItem","position":3,"name":"Cenforce 200mg"}]},{"@type":"WebSite","@id":"https:\/\/kamagra-official.to\/#website","url":"https:\/\/kamagra-official.to\/","name":"kamagra-official.to","description":"Revitalize Your Sexual Energy Across Europe","publisher":{"@id":"https:\/\/kamagra-official.to\/#organization"},"potentialAction":[{"@type":"SearchAction","target":{"@type":"EntryPoint","urlTemplate":"https:\/\/kamagra-official.to\/?s={search_term_string}"},"query-input":{"@type":"PropertyValueSpecification","valueRequired":true,"valueName":"search_term_string"}}],"inLanguage":"de"},{"@type":"Organization","@id":"https:\/\/kamagra-official.to\/#organization","name":"kamagra-official.to","url":"https:\/\/kamagra-official.to\/","logo":{"@type":"ImageObject","inLanguage":"de","@id":"https:\/\/kamagra-official.to\/#\/schema\/logo\/image\/","url":"https:\/\/kamagra-official.to\/wp-content\/uploads\/2025\/02\/KAMAGRA-Photoroom-1.png","contentUrl":"https:\/\/kamagra-official.to\/wp-content\/uploads\/2025\/02\/KAMAGRA-Photoroom-1.png","width":150,"height":153,"caption":"kamagra-official.to"},"image":{"@id":"https:\/\/kamagra-official.to\/#\/schema\/logo\/image\/"}}]}},"_links":{"self":[{"href":"https:\/\/kamagra-official.to\/de\/wp-json\/wp\/v2\/product\/24766","targetHints":{"allow":["GET"]}}],"collection":[{"href":"https:\/\/kamagra-official.to\/de\/wp-json\/wp\/v2\/product"}],"about":[{"href":"https:\/\/kamagra-official.to\/de\/wp-json\/wp\/v2\/types\/product"}],"wp:featuredmedia":[{"embeddable":true,"href":"https:\/\/kamagra-official.to\/de\/wp-json\/wp\/v2\/media\/23823"}],"wp:attachment":[{"href":"https:\/\/kamagra-official.to\/de\/wp-json\/wp\/v2\/media?parent=24766"}],"wp:term":[{"taxonomy":"product_brand","embeddable":true,"href":"https:\/\/kamagra-official.to\/de\/wp-json\/wp\/v2\/product_brand?post=24766"},{"taxonomy":"product_cat","embeddable":true,"href":"https:\/\/kamagra-official.to\/de\/wp-json\/wp\/v2\/product_cat?post=24766"},{"taxonomy":"product_tag","embeddable":true,"href":"https:\/\/kamagra-official.to\/de\/wp-json\/wp\/v2\/product_tag?post=24766"}],"curies":[{"name":"wp","href":"https:\/\/api.w.org\/{rel}","templated":true}]}}