{"id":24708,"date":"2024-12-24T00:35:47","date_gmt":"2024-12-24T00:35:47","guid":{"rendered":"https:\/\/kamagra-official.to\/product\/apcalis-sx-oral-jelly-20mg\/"},"modified":"2026-01-26T14:12:15","modified_gmt":"2026-01-26T14:12:15","slug":"apcalis-sx-oral-jelly-20mg","status":"publish","type":"product","link":"https:\/\/kamagra-official.to\/de\/product\/apcalis-sx-oral-jelly-20mg\/","title":{"rendered":"Apcalis-SX Oral Jelly 20mg"},"content":{"rendered":"<h3><strong>Apcalis-SX Oral Jelly 20mg \u2013 Schnelle &amp; schmackhafte L\u00f6sung bei Erektionsst\u00f6rungen<\/strong><\/h3>\n<p>Apcalis-SX Oral Jelly 20mg bietet ein wirksames Mittel gegen erektile Dysfunktion. Jedes Sachet enth\u00e4lt 20mg Tadalafil, einen starken Inhaltsstoff, der den Blutfluss zum Penis verbessert und feste, verl\u00e4ssliche Erektionen gew\u00e4hrleistet. W\u00e4hrend Tadalafil die gleiche aktive Substanz wie in dem bekannten Medikament Cialis ist, bietet Apcalis-SX Oral Jelly eine kosteng\u00fcnstigere und bequemere Alternative.<\/p>\n<p>Im Vergleich zu Sildenafilcitrat (Viagra) liefert Tadalafil eine deutlich l\u00e4ngere Wirkungsdauer \u2013 mit Effekten, die bis zu 36 Stunden anhalten. Apcalis-SX Oral Jelly 20mg erm\u00f6glicht Ihnen und Ihrem Partner verl\u00e4ngerte, unvergessliche Momente gemeinsam. Dieses Oral Jelly ist in verschiedenen angenehmen Fruchtgeschmacksrichtungen erh\u00e4ltlich und sorgt so f\u00fcr ein angenehmes medizinisches Erlebnis.<\/p>\n<hr \/>\n<h3><strong>Wesentliche Vorteile von Apcalis-SX Oral Jelly 20mg<\/strong><\/h3>\n<ul>\n<li><strong>Verl\u00e4ngerte Wirkung \u2013 bis zu 36 Stunden<\/strong> \u2013 Erleben Sie lang anhaltendes Selbstvertrauen und Leistung.<\/li>\n<li><strong>Schneller Eintritt<\/strong> \u2013 Die Wirkung kann bereits 15\u201330 Minuten nach der Einnahme beginnen.<\/li>\n<li><strong>Einfach einzunehmen<\/strong> \u2013 Dr\u00fccken Sie einfach das 20mg Jelly in den Mund; Wasser wird nicht ben\u00f6tigt.<\/li>\n<li><strong>K\u00f6stliche Fruchtgeschmacksrichtungen<\/strong> \u2013 Eine viel schmackhaftere und angenehmere Wahl als herk\u00f6mmliche Tabletten.<\/li>\n<\/ul>\n<hr \/>\n<h3><strong>Empfohlene Dosierung<\/strong><\/h3>\n<p>Beginnen Sie mit einem halben Sachet Apcalis-SX Oral Jelly 20mg. Wenn n\u00f6tig, k\u00f6nnen Sie die Dosis auf ein ganzes Sachet erh\u00f6hen. \u00dcberschreiten Sie nicht mehr als ein Sachet (20mg) in einem Zeitraum von 24 Stunden.<\/p>\n<hr \/>\n<h3><strong>Eintritt der Wirkung<\/strong><\/h3>\n<p>Die Wirkung von Apcalis-SX Oral Jelly 20mg beginnt in der Regel innerhalb von 15 bis 30 Minuten und kann bis zu 36 Stunden anhalten. Bitte beachten Sie, dass Apcalis-SX Oral Jelly 20mg kein Aphrodisiakum ist; zur Wirkung ist sexuelle Stimulation notwendig.<\/p>\n<hr \/>\n<h3><strong>Alkohol und Apcalis-SX Oral Jelly 20mg<\/strong><\/h3>\n<p>Vermeiden Sie die Kombination dieses Produktes mit Alkohol, da dies die Wirksamkeit reduzieren kann. Schweres oder fettiges Essen kann auch den Eintritt der Wirkung verz\u00f6gern.<\/p>\n<hr \/>\n<h3><strong>Kombination mit anderen Medikamenten<\/strong><\/h3>\n<p>Konsultieren Sie Ihren Arzt, bevor Sie Apcalis-SX Oral Jelly 20mg einnehmen, besonders wenn Sie bereits folgende Medikamente einnehmen:<\/p>\n<ul>\n<li>Cimetidin,<\/li>\n<li>Ketoconazol,<\/li>\n<li>Erythromycin.<\/li>\n<\/ul>\n<p>Die Kombination mit bestimmten Medikamenten kann die Wirksamkeit verringern oder unerw\u00fcnschte Nebenwirkungen verursachen.<\/p>\n<hr \/>\n<h3><strong>M\u00f6gliche Nebenwirkungen und allergische Reaktionen<\/strong><\/h3>\n<p>Mit Apcalis-SX Oral Jelly 20mg verbundene Nebenwirkungen sind in der Regel mild und vor\u00fcbergehend.<\/p>\n<p><strong>H\u00e4ufigste Nebenwirkungen:<\/strong><\/p>\n<ul>\n<li>Err\u00f6ten,<\/li>\n<li>Kopfschmerzen.<\/li>\n<\/ul>\n<p><strong>Seltener auftretende Nebenwirkungen:<\/strong><\/p>\n<ul>\n<li>Schwindel,<\/li>\n<li>Verschwommene Sicht,<\/li>\n<li>Muskelbeschwerden,<\/li>\n<li>Magenverstimmung,<\/li>\n<li>Hautausschlag,<\/li>\n<li>Verstopfte oder laufende Nase.<\/li>\n<\/ul>\n<p>Wenn Sie schwere oder anhaltende Reaktionen feststellen, wenden Sie sich umgehend an Ihren Arzt.<\/p>\n<hr \/>\n<h3><strong>Wann sollten Sie Apcalis-SX Oral Jelly 20mg nicht einnehmen?<\/strong><\/h3>\n<p>Nehmen Sie dieses Produkt nicht ein, wenn Sie:<\/p>\n<ul>\n<li>Nitratmedikamente verwenden (gegen Angina oder Brustschmerzen).<\/li>\n<li>In den letzten 6 Monaten einen Herzinfarkt, Schlaganfall oder Herzinsuffizienz erlitten haben.<\/li>\n<li>Mit Blutdruckst\u00f6rungen oder Blutgerinnungsproblemen zu k\u00e4mpfen haben.<\/li>\n<li>Allergisch gegen Tadalafil oder einen anderen Inhaltsstoff in Apcalis-SX Oral Jelly 20mg sind.<\/li>\n<\/ul>\n<hr \/>\n<h3><strong>Aufbewahrungsrichtlinien<\/strong><\/h3>\n<p>Bewahren Sie Apcalis-SX Oral Jelly 20mg in der Originalverpackung und au\u00dferhalb der Reichweite von Kindern auf. Lagern Sie es an einem trockenen Ort zwischen 10 und 30\u00b0C und sch\u00fctzen Sie es vor direkter Sonneneinstrahlung.<\/p>\n","protected":false},"excerpt":{"rendered":"<p><strong>Apcalis-SX Oral Jelly 20mg<\/strong><\/p>\n<p>Jede Packung Apcalis-SX Oral Jelly 20mg enth\u00e4lt 7 praktische Sachets, die f\u00fcr eine einfache, effektive Anwendung konzipiert sind. Jedes Gelsachet enth\u00e4lt eine 20mg-Dosis Tadalafil, die zuverl\u00e4ssige Unterst\u00fctzung f\u00fcr M\u00e4nner mit erektiler Dysfunktion bietet. Dieses Paket erm\u00f6glicht Ihnen, von schnellen und langanhaltenden Ergebnissen w\u00e4hrend der Woche zu profitieren, indem es Diskretion und Zufriedenheit in einem erschwinglichen Produkt vereint.<\/p>\n","protected":false},"featured_media":24021,"template":"","meta":[],"product_brand":[],"product_cat":[134],"product_tag":[],"class_list":{"0":"post-24708","1":"product","2":"type-product","3":"status-publish","4":"has-post-thumbnail","6":"product_cat-generisches-cialis","8":"first","9":"instock","10":"shipping-taxable","11":"purchasable","12":"product-type-simple"},"yoast_head":"<!-- This site is optimized with the Yoast SEO plugin v27.5 - https:\/\/yoast.com\/product\/yoast-seo-wordpress\/ -->\n<title>Apcalis-SX Oral Jelly 20mg - Effektiv gegen Erektionsst\u00f6rungen kamagra-official.to<\/title>\n<meta name=\"description\" content=\"Apcalis-SX Oral Jelly 20mg bietet eine schnelle und zuverl\u00e4ssige L\u00f6sung bei Erektionsproblemen. Einfach online bestellen, diskret geliefert und sofort einsatzbereit f\u00fcr ein verbessertes Liebesleben!\" \/>\n<meta name=\"robots\" content=\"index, follow, max-snippet:-1, max-image-preview:large, max-video-preview:-1\" \/>\n<link rel=\"canonical\" href=\"https:\/\/kamagra-official.to\/de\/product\/apcalis-sx-oral-jelly-20mg\/\" \/>\n<meta property=\"og:locale\" content=\"de_DE\" \/>\n<meta property=\"og:type\" content=\"article\" \/>\n<meta property=\"og:title\" content=\"Apcalis-SX Oral Jelly 20mg - Effektiv gegen Erektionsst\u00f6rungen kamagra-official.to\" \/>\n<meta property=\"og:description\" content=\"Apcalis-SX Oral Jelly 20mg bietet eine schnelle und zuverl\u00e4ssige L\u00f6sung bei Erektionsproblemen. Einfach online bestellen, diskret geliefert und sofort einsatzbereit f\u00fcr ein verbessertes Liebesleben!\" \/>\n<meta property=\"og:url\" content=\"https:\/\/kamagra-official.to\/de\/product\/apcalis-sx-oral-jelly-20mg\/\" \/>\n<meta property=\"og:site_name\" content=\"kamagra-official.to\" \/>\n<meta property=\"article:modified_time\" content=\"2026-01-26T14:12:15+00:00\" \/>\n<meta property=\"og:image\" content=\"https:\/\/kamagra-official.to\/wp-content\/uploads\/2025\/09\/apcalis-jelly-2-768x768-1.jpg\" \/>\n\t<meta property=\"og:image:width\" content=\"768\" \/>\n\t<meta property=\"og:image:height\" content=\"768\" \/>\n\t<meta property=\"og:image:type\" content=\"image\/jpeg\" \/>\n<meta name=\"twitter:card\" content=\"summary_large_image\" \/>\n<meta name=\"twitter:label1\" content=\"Gesch\u00e4tzte Lesezeit\" \/>\n\t<meta name=\"twitter:data1\" content=\"3\u00a0Minuten\" \/>\n<script type=\"application\/ld+json\" class=\"yoast-schema-graph\">{\"@context\":\"https:\\\/\\\/schema.org\",\"@graph\":[{\"@type\":\"WebPage\",\"@id\":\"https:\\\/\\\/kamagra-official.to\\\/de\\\/product\\\/apcalis-sx-oral-jelly-20mg\\\/\",\"url\":\"https:\\\/\\\/kamagra-official.to\\\/de\\\/product\\\/apcalis-sx-oral-jelly-20mg\\\/\",\"name\":\"Apcalis-SX Oral Jelly 20mg - Effektiv gegen Erektionsst\u00f6rungen kamagra-official.to\",\"isPartOf\":{\"@id\":\"https:\\\/\\\/kamagra-official.to\\\/#website\"},\"primaryImageOfPage\":{\"@id\":\"https:\\\/\\\/kamagra-official.to\\\/de\\\/product\\\/apcalis-sx-oral-jelly-20mg\\\/#primaryimage\"},\"image\":{\"@id\":\"https:\\\/\\\/kamagra-official.to\\\/de\\\/product\\\/apcalis-sx-oral-jelly-20mg\\\/#primaryimage\"},\"thumbnailUrl\":\"https:\\\/\\\/kamagra-official.to\\\/wp-content\\\/uploads\\\/2025\\\/09\\\/apcalis-jelly-2-768x768-1.jpg\",\"datePublished\":\"2024-12-24T00:35:47+00:00\",\"dateModified\":\"2026-01-26T14:12:15+00:00\",\"description\":\"Apcalis-SX Oral Jelly 20mg bietet eine schnelle und zuverl\u00e4ssige L\u00f6sung bei Erektionsproblemen. Einfach online bestellen, diskret geliefert und sofort einsatzbereit f\u00fcr ein verbessertes Liebesleben!\",\"breadcrumb\":{\"@id\":\"https:\\\/\\\/kamagra-official.to\\\/de\\\/product\\\/apcalis-sx-oral-jelly-20mg\\\/#breadcrumb\"},\"inLanguage\":\"de\",\"potentialAction\":[{\"@type\":\"ReadAction\",\"target\":[\"https:\\\/\\\/kamagra-official.to\\\/de\\\/product\\\/apcalis-sx-oral-jelly-20mg\\\/\"]}]},{\"@type\":\"ImageObject\",\"inLanguage\":\"de\",\"@id\":\"https:\\\/\\\/kamagra-official.to\\\/de\\\/product\\\/apcalis-sx-oral-jelly-20mg\\\/#primaryimage\",\"url\":\"https:\\\/\\\/kamagra-official.to\\\/wp-content\\\/uploads\\\/2025\\\/09\\\/apcalis-jelly-2-768x768-1.jpg\",\"contentUrl\":\"https:\\\/\\\/kamagra-official.to\\\/wp-content\\\/uploads\\\/2025\\\/09\\\/apcalis-jelly-2-768x768-1.jpg\",\"width\":768,\"height\":768},{\"@type\":\"BreadcrumbList\",\"@id\":\"https:\\\/\\\/kamagra-official.to\\\/de\\\/product\\\/apcalis-sx-oral-jelly-20mg\\\/#breadcrumb\",\"itemListElement\":[{\"@type\":\"ListItem\",\"position\":1,\"name\":\"Home\",\"item\":\"https:\\\/\\\/kamagra-official.to\\\/nl\\\/\"},{\"@type\":\"ListItem\",\"position\":2,\"name\":\"Shop\",\"item\":\"https:\\\/\\\/kamagra-official.to\\\/shop\\\/\"},{\"@type\":\"ListItem\",\"position\":3,\"name\":\"Apcalis-SX Oral Jelly 20mg\"}]},{\"@type\":\"WebSite\",\"@id\":\"https:\\\/\\\/kamagra-official.to\\\/#website\",\"url\":\"https:\\\/\\\/kamagra-official.to\\\/\",\"name\":\"kamagra-official.to\",\"description\":\"Revitalize Your Sexual Energy Across Europe\",\"publisher\":{\"@id\":\"https:\\\/\\\/kamagra-official.to\\\/#organization\"},\"potentialAction\":[{\"@type\":\"SearchAction\",\"target\":{\"@type\":\"EntryPoint\",\"urlTemplate\":\"https:\\\/\\\/kamagra-official.to\\\/?s={search_term_string}\"},\"query-input\":{\"@type\":\"PropertyValueSpecification\",\"valueRequired\":true,\"valueName\":\"search_term_string\"}}],\"inLanguage\":\"de\"},{\"@type\":\"Organization\",\"@id\":\"https:\\\/\\\/kamagra-official.to\\\/#organization\",\"name\":\"kamagra-official.to\",\"url\":\"https:\\\/\\\/kamagra-official.to\\\/\",\"logo\":{\"@type\":\"ImageObject\",\"inLanguage\":\"de\",\"@id\":\"https:\\\/\\\/kamagra-official.to\\\/#\\\/schema\\\/logo\\\/image\\\/\",\"url\":\"https:\\\/\\\/kamagra-official.to\\\/wp-content\\\/uploads\\\/2025\\\/02\\\/KAMAGRA-Photoroom-1.png\",\"contentUrl\":\"https:\\\/\\\/kamagra-official.to\\\/wp-content\\\/uploads\\\/2025\\\/02\\\/KAMAGRA-Photoroom-1.png\",\"width\":150,\"height\":153,\"caption\":\"kamagra-official.to\"},\"image\":{\"@id\":\"https:\\\/\\\/kamagra-official.to\\\/#\\\/schema\\\/logo\\\/image\\\/\"}}]}<\/script>\n<!-- \/ Yoast SEO plugin. -->","yoast_head_json":{"title":"Apcalis-SX Oral Jelly 20mg - Effektiv gegen Erektionsst\u00f6rungen kamagra-official.to","description":"Apcalis-SX Oral Jelly 20mg bietet eine schnelle und zuverl\u00e4ssige L\u00f6sung bei Erektionsproblemen. Einfach online bestellen, diskret geliefert und sofort einsatzbereit f\u00fcr ein verbessertes Liebesleben!","robots":{"index":"index","follow":"follow","max-snippet":"max-snippet:-1","max-image-preview":"max-image-preview:large","max-video-preview":"max-video-preview:-1"},"canonical":"https:\/\/kamagra-official.to\/de\/product\/apcalis-sx-oral-jelly-20mg\/","og_locale":"de_DE","og_type":"article","og_title":"Apcalis-SX Oral Jelly 20mg - Effektiv gegen Erektionsst\u00f6rungen kamagra-official.to","og_description":"Apcalis-SX Oral Jelly 20mg bietet eine schnelle und zuverl\u00e4ssige L\u00f6sung bei Erektionsproblemen. Einfach online bestellen, diskret geliefert und sofort einsatzbereit f\u00fcr ein verbessertes Liebesleben!","og_url":"https:\/\/kamagra-official.to\/de\/product\/apcalis-sx-oral-jelly-20mg\/","og_site_name":"kamagra-official.to","article_modified_time":"2026-01-26T14:12:15+00:00","og_image":[{"width":768,"height":768,"url":"https:\/\/kamagra-official.to\/wp-content\/uploads\/2025\/09\/apcalis-jelly-2-768x768-1.jpg","type":"image\/jpeg"}],"twitter_card":"summary_large_image","twitter_misc":{"Gesch\u00e4tzte Lesezeit":"3\u00a0Minuten"},"schema":{"@context":"https:\/\/schema.org","@graph":[{"@type":"WebPage","@id":"https:\/\/kamagra-official.to\/de\/product\/apcalis-sx-oral-jelly-20mg\/","url":"https:\/\/kamagra-official.to\/de\/product\/apcalis-sx-oral-jelly-20mg\/","name":"Apcalis-SX Oral Jelly 20mg - Effektiv gegen Erektionsst\u00f6rungen kamagra-official.to","isPartOf":{"@id":"https:\/\/kamagra-official.to\/#website"},"primaryImageOfPage":{"@id":"https:\/\/kamagra-official.to\/de\/product\/apcalis-sx-oral-jelly-20mg\/#primaryimage"},"image":{"@id":"https:\/\/kamagra-official.to\/de\/product\/apcalis-sx-oral-jelly-20mg\/#primaryimage"},"thumbnailUrl":"https:\/\/kamagra-official.to\/wp-content\/uploads\/2025\/09\/apcalis-jelly-2-768x768-1.jpg","datePublished":"2024-12-24T00:35:47+00:00","dateModified":"2026-01-26T14:12:15+00:00","description":"Apcalis-SX Oral Jelly 20mg bietet eine schnelle und zuverl\u00e4ssige L\u00f6sung bei Erektionsproblemen. Einfach online bestellen, diskret geliefert und sofort einsatzbereit f\u00fcr ein verbessertes Liebesleben!","breadcrumb":{"@id":"https:\/\/kamagra-official.to\/de\/product\/apcalis-sx-oral-jelly-20mg\/#breadcrumb"},"inLanguage":"de","potentialAction":[{"@type":"ReadAction","target":["https:\/\/kamagra-official.to\/de\/product\/apcalis-sx-oral-jelly-20mg\/"]}]},{"@type":"ImageObject","inLanguage":"de","@id":"https:\/\/kamagra-official.to\/de\/product\/apcalis-sx-oral-jelly-20mg\/#primaryimage","url":"https:\/\/kamagra-official.to\/wp-content\/uploads\/2025\/09\/apcalis-jelly-2-768x768-1.jpg","contentUrl":"https:\/\/kamagra-official.to\/wp-content\/uploads\/2025\/09\/apcalis-jelly-2-768x768-1.jpg","width":768,"height":768},{"@type":"BreadcrumbList","@id":"https:\/\/kamagra-official.to\/de\/product\/apcalis-sx-oral-jelly-20mg\/#breadcrumb","itemListElement":[{"@type":"ListItem","position":1,"name":"Home","item":"https:\/\/kamagra-official.to\/nl\/"},{"@type":"ListItem","position":2,"name":"Shop","item":"https:\/\/kamagra-official.to\/shop\/"},{"@type":"ListItem","position":3,"name":"Apcalis-SX Oral Jelly 20mg"}]},{"@type":"WebSite","@id":"https:\/\/kamagra-official.to\/#website","url":"https:\/\/kamagra-official.to\/","name":"kamagra-official.to","description":"Revitalize Your Sexual Energy Across Europe","publisher":{"@id":"https:\/\/kamagra-official.to\/#organization"},"potentialAction":[{"@type":"SearchAction","target":{"@type":"EntryPoint","urlTemplate":"https:\/\/kamagra-official.to\/?s={search_term_string}"},"query-input":{"@type":"PropertyValueSpecification","valueRequired":true,"valueName":"search_term_string"}}],"inLanguage":"de"},{"@type":"Organization","@id":"https:\/\/kamagra-official.to\/#organization","name":"kamagra-official.to","url":"https:\/\/kamagra-official.to\/","logo":{"@type":"ImageObject","inLanguage":"de","@id":"https:\/\/kamagra-official.to\/#\/schema\/logo\/image\/","url":"https:\/\/kamagra-official.to\/wp-content\/uploads\/2025\/02\/KAMAGRA-Photoroom-1.png","contentUrl":"https:\/\/kamagra-official.to\/wp-content\/uploads\/2025\/02\/KAMAGRA-Photoroom-1.png","width":150,"height":153,"caption":"kamagra-official.to"},"image":{"@id":"https:\/\/kamagra-official.to\/#\/schema\/logo\/image\/"}}]}},"_links":{"self":[{"href":"https:\/\/kamagra-official.to\/de\/wp-json\/wp\/v2\/product\/24708","targetHints":{"allow":["GET"]}}],"collection":[{"href":"https:\/\/kamagra-official.to\/de\/wp-json\/wp\/v2\/product"}],"about":[{"href":"https:\/\/kamagra-official.to\/de\/wp-json\/wp\/v2\/types\/product"}],"wp:featuredmedia":[{"embeddable":true,"href":"https:\/\/kamagra-official.to\/de\/wp-json\/wp\/v2\/media\/24021"}],"wp:attachment":[{"href":"https:\/\/kamagra-official.to\/de\/wp-json\/wp\/v2\/media?parent=24708"}],"wp:term":[{"taxonomy":"product_brand","embeddable":true,"href":"https:\/\/kamagra-official.to\/de\/wp-json\/wp\/v2\/product_brand?post=24708"},{"taxonomy":"product_cat","embeddable":true,"href":"https:\/\/kamagra-official.to\/de\/wp-json\/wp\/v2\/product_cat?post=24708"},{"taxonomy":"product_tag","embeddable":true,"href":"https:\/\/kamagra-official.to\/de\/wp-json\/wp\/v2\/product_tag?post=24708"}],"curies":[{"name":"wp","href":"https:\/\/api.w.org\/{rel}","templated":true}]}}