{"id":24467,"date":"2025-01-01T13:57:26","date_gmt":"2025-01-01T13:57:26","guid":{"rendered":"https:\/\/kamagra-official.to\/product\/extra-super-p-force-200mg\/"},"modified":"2026-01-26T14:05:38","modified_gmt":"2026-01-26T14:05:38","slug":"extra-super-p-force-200mg","status":"publish","type":"product","link":"https:\/\/kamagra-official.to\/de\/product\/extra-super-p-force-200mg\/","title":{"rendered":"Extra Super P-Force 200mg"},"content":{"rendered":"<h3><strong>Extra Super P-Force 200mg \u2013 F\u00fcr unvergessliche intime Erlebnisse!<\/strong><\/h3>\n<p><strong>Extra Super P-Force 200mg<\/strong> kombiniert zwei bew\u00e4hrte medizinische Inhaltsstoffe\u2014<strong>Sildenafil<\/strong> und <strong>Dapoxetine<\/strong>, um zuverl\u00e4ssige Ergebnisse f\u00fcr M\u00e4nner mit <strong>Erektionsst\u00f6rungen<\/strong> und <strong>vorzeitiger Ejakulation<\/strong> zu erzielen.<\/p>\n<ul>\n<li><strong>Sildenafil<\/strong> f\u00f6rdert den Blutfluss und unterst\u00fctzt so eine starke und anhaltende Erektion.<\/li>\n<li><strong>Dapoxetine<\/strong> verz\u00f6gert effektiv die Ejakulation und hilft so, die Ausdauer w\u00e4hrend intimer Aktivit\u00e4ten zu verl\u00e4ngern.<\/li>\n<\/ul>\n<p>Die Synergie dieser Komponenten in einer Tablette gibt Ihnen sowohl Intensit\u00e4t als auch Ausdauer. Eine einzige Dosis reicht f\u00fcr leidenschaftliche, sorgenfreie Momente!<\/p>\n<hr \/>\n<h3><strong>Produktvorteile<\/strong><\/h3>\n<ul>\n<li><strong>Doppelte Wirkung:<\/strong> Die Kombination von Sildenafil und Dapoxetine bek\u00e4mpft Erektionsprobleme und vorzeitigen H\u00f6hepunkt zusammen.<\/li>\n<li><strong>Zuverl\u00e4ssige Leistung:<\/strong> Jede Tablette bietet mehrere Stunden angenehmer, selbstbewusster Intimit\u00e4t ohne die Sorge einer vorzeitigen Ejakulation.<\/li>\n<li><strong>Einfache Anwendung:<\/strong> Etwa <strong>eine Stunde vor dem Geschlechtsverkehr<\/strong> mit Wasser einnehmen.<\/li>\n<\/ul>\n<hr \/>\n<h3><strong>Empfohlene Dosierung<\/strong><\/h3>\n<p>Beginnen Sie mit <strong>einer halben Tablette<\/strong> von Extra Super P-Force 200mg. Wenn n\u00f6tig, erh\u00f6hen Sie auf eine ganze Tablette. \u00dcberschreiten Sie nicht die <strong>maximale Tagesdosis von einer Tablette<\/strong>.<\/p>\n<hr \/>\n<h3><strong>Wie schnell wirkt es?<\/strong><\/h3>\n<p>Extra Super P-Force 200mg beginnt in der Regel <strong>30\u201360 Minuten<\/strong> nach der Einnahme zu wirken und h\u00e4lt bis zu <strong>5 Stunden<\/strong> an. F\u00fcr die volle Wirkung ist sexuelle Stimulation erforderlich.<\/p>\n<hr \/>\n<h3><strong>Alkohol und Essen<\/strong><\/h3>\n<p>Alkohol wird <strong>nicht empfohlen<\/strong> bei diesem Medikament, da er die <strong>Wirksamkeit reduzieren<\/strong> kann. Ebenso k\u00f6nnen schwere oder fettige Mahlzeiten den Wirkungseintritt verz\u00f6gern.<\/p>\n<hr \/>\n<h3><strong>Wechselwirkungen mit anderen Medikamenten<\/strong><\/h3>\n<p>Konsultieren Sie immer Ihren Arzt, bevor Sie Extra Super P-Force 200mg mit anderen Medikamenten kombinieren, insbesondere:<\/p>\n<ul>\n<li><strong>Cimetidin<\/strong>,<\/li>\n<li><strong>Ketoconazol<\/strong>,<\/li>\n<li><strong>Erythromycin<\/strong>.<\/li>\n<\/ul>\n<p>Einige Medikamente k\u00f6nnen die Wirksamkeit verringern oder <strong>Nebenwirkungen<\/strong> verursachen.<\/p>\n<hr \/>\n<h3><strong>M\u00f6gliche Nebenwirkungen<\/strong><\/h3>\n<p>Die meisten Menschen vertragen Extra Super P-Force 200mg gut; leichte, vor\u00fcbergehende Nebenwirkungen k\u00f6nnen auftreten:<\/p>\n<p><strong>H\u00e4ufige Nebenwirkungen:<\/strong><\/p>\n<ul>\n<li>Gesichtsr\u00f6tung,<\/li>\n<li>Kopfschmerzen.<\/li>\n<\/ul>\n<p><strong>Weniger h\u00e4ufige Nebenwirkungen:<\/strong><\/p>\n<ul>\n<li>Schwindel,<\/li>\n<li>Verschwommenes Sehen,<\/li>\n<li>Muskelschmerzen,<\/li>\n<li>\u00dcbelkeit,<\/li>\n<li>Ausschlag,<\/li>\n<li>Nasenverstopfung.<\/li>\n<\/ul>\n<p>Suchen Sie Ihren Arzt auf, wenn Sie anhaltende oder l\u00e4stige Reaktionen haben.<\/p>\n<hr \/>\n<h3><strong>Wann Extra Super P-Force 200mg nicht zu verwenden ist<\/strong><\/h3>\n<p>Nehmen Sie es nicht ein, wenn Sie:<\/p>\n<ul>\n<li><strong>Nitratmedikamente<\/strong> einnehmen (gegen Angina Pectoris).<\/li>\n<li>In den letzten <strong>6 Monaten<\/strong> einen <strong>Herzinfarkt, Schlaganfall<\/strong> oder <strong>Herzversagen<\/strong> hatten.<\/li>\n<li><strong>Bluthochdruck<\/strong> oder <strong>Gerinnungsst\u00f6rungen<\/strong> haben.<\/li>\n<li>Allergisch gegen <strong>Sildenafil<\/strong> oder <strong>Dapoxetine<\/strong> sind.<\/li>\n<\/ul>\n<hr \/>\n<h3><strong>Lagerung<\/strong><\/h3>\n<p>Bewahren Sie die Tabletten in der Originalverpackung au\u00dferhalb der Reichweite von Kindern auf. Lagern Sie sie bei <strong>10\u201330\u00b0C<\/strong> an einem trockenen, sonnengesch\u00fctzten Ort.<\/p>\n","protected":false},"excerpt":{"rendered":"<p><strong>100 mg Sildenafil + 100 mg Dapoxetin<\/strong><\/p>\n<p>Diese Box enth\u00e4lt 4 Tabletten, jede bietet eine leistungsstarke Kombination aus 100 mg Sildenafil f\u00fcr feste, lang anhaltende Erektionen und 100 mg Dapoxetin, um die Ejakulation zu verz\u00f6gern. Speziell formuliert f\u00fcr M\u00e4nner, die sowohl erektile Dysfunktion als auch vorzeitige Ejakulation \u00fcberwinden m\u00f6chten, bietet diese Doppelwirkungsl\u00f6sung Vertrauen und Zufriedenheit f\u00fcr Ihre intimen Momente.<\/p>\n","protected":false},"featured_media":24153,"template":"","meta":[],"product_brand":[],"product_cat":[136],"product_tag":[],"class_list":{"0":"post-24467","1":"product","2":"type-product","3":"status-publish","4":"has-post-thumbnail","6":"product_cat-verzogerung-der-ejakulation","8":"first","9":"instock","10":"shipping-taxable","11":"purchasable","12":"product-type-simple"},"yoast_head":"<!-- This site is optimized with the Yoast SEO plugin v27.5 - https:\/\/yoast.com\/product\/yoast-seo-wordpress\/ -->\n<title>Extra Super P-Force 200mg kaufen \u2013 Schnell &amp; zuverl\u00e4ssig kamagra-official.to<\/title>\n<meta name=\"description\" content=\"Bestellen Sie Extra Super P-Force 200mg f\u00fcr eine schnelle und langanhaltende Behandlung von Erektionsproblemen. Diskrete Lieferung und sichere Bezahlung garantiert.\" \/>\n<meta name=\"robots\" content=\"index, follow, max-snippet:-1, max-image-preview:large, max-video-preview:-1\" \/>\n<link rel=\"canonical\" href=\"https:\/\/kamagra-official.to\/de\/product\/extra-super-p-force-200mg\/\" \/>\n<meta property=\"og:locale\" content=\"de_DE\" \/>\n<meta property=\"og:type\" content=\"article\" \/>\n<meta property=\"og:title\" content=\"Extra Super P-Force 200mg kaufen \u2013 Schnell &amp; zuverl\u00e4ssig kamagra-official.to\" \/>\n<meta property=\"og:description\" content=\"Bestellen Sie Extra Super P-Force 200mg f\u00fcr eine schnelle und langanhaltende Behandlung von Erektionsproblemen. Diskrete Lieferung und sichere Bezahlung garantiert.\" \/>\n<meta property=\"og:url\" content=\"https:\/\/kamagra-official.to\/de\/product\/extra-super-p-force-200mg\/\" \/>\n<meta property=\"og:site_name\" content=\"kamagra-official.to\" \/>\n<meta property=\"article:modified_time\" content=\"2026-01-26T14:05:38+00:00\" \/>\n<meta property=\"og:image\" content=\"https:\/\/kamagra-official.to\/wp-content\/uploads\/2025\/09\/extra-super-p-force-768x768-1.jpg\" \/>\n\t<meta property=\"og:image:width\" content=\"768\" \/>\n\t<meta property=\"og:image:height\" content=\"768\" \/>\n\t<meta property=\"og:image:type\" content=\"image\/jpeg\" \/>\n<meta name=\"twitter:card\" content=\"summary_large_image\" \/>\n<meta name=\"twitter:label1\" content=\"Gesch\u00e4tzte Lesezeit\" \/>\n\t<meta name=\"twitter:data1\" content=\"2\u00a0Minuten\" \/>\n<script type=\"application\/ld+json\" class=\"yoast-schema-graph\">{\"@context\":\"https:\\\/\\\/schema.org\",\"@graph\":[{\"@type\":\"WebPage\",\"@id\":\"https:\\\/\\\/kamagra-official.to\\\/de\\\/product\\\/extra-super-p-force-200mg\\\/\",\"url\":\"https:\\\/\\\/kamagra-official.to\\\/de\\\/product\\\/extra-super-p-force-200mg\\\/\",\"name\":\"Extra Super P-Force 200mg kaufen \u2013 Schnell & zuverl\u00e4ssig kamagra-official.to\",\"isPartOf\":{\"@id\":\"https:\\\/\\\/kamagra-official.to\\\/#website\"},\"primaryImageOfPage\":{\"@id\":\"https:\\\/\\\/kamagra-official.to\\\/de\\\/product\\\/extra-super-p-force-200mg\\\/#primaryimage\"},\"image\":{\"@id\":\"https:\\\/\\\/kamagra-official.to\\\/de\\\/product\\\/extra-super-p-force-200mg\\\/#primaryimage\"},\"thumbnailUrl\":\"https:\\\/\\\/kamagra-official.to\\\/wp-content\\\/uploads\\\/2025\\\/09\\\/extra-super-p-force-768x768-1.jpg\",\"datePublished\":\"2025-01-01T13:57:26+00:00\",\"dateModified\":\"2026-01-26T14:05:38+00:00\",\"description\":\"Bestellen Sie Extra Super P-Force 200mg f\u00fcr eine schnelle und langanhaltende Behandlung von Erektionsproblemen. Diskrete Lieferung und sichere Bezahlung garantiert.\",\"breadcrumb\":{\"@id\":\"https:\\\/\\\/kamagra-official.to\\\/de\\\/product\\\/extra-super-p-force-200mg\\\/#breadcrumb\"},\"inLanguage\":\"de\",\"potentialAction\":[{\"@type\":\"ReadAction\",\"target\":[\"https:\\\/\\\/kamagra-official.to\\\/de\\\/product\\\/extra-super-p-force-200mg\\\/\"]}]},{\"@type\":\"ImageObject\",\"inLanguage\":\"de\",\"@id\":\"https:\\\/\\\/kamagra-official.to\\\/de\\\/product\\\/extra-super-p-force-200mg\\\/#primaryimage\",\"url\":\"https:\\\/\\\/kamagra-official.to\\\/wp-content\\\/uploads\\\/2025\\\/09\\\/extra-super-p-force-768x768-1.jpg\",\"contentUrl\":\"https:\\\/\\\/kamagra-official.to\\\/wp-content\\\/uploads\\\/2025\\\/09\\\/extra-super-p-force-768x768-1.jpg\",\"width\":768,\"height\":768},{\"@type\":\"BreadcrumbList\",\"@id\":\"https:\\\/\\\/kamagra-official.to\\\/de\\\/product\\\/extra-super-p-force-200mg\\\/#breadcrumb\",\"itemListElement\":[{\"@type\":\"ListItem\",\"position\":1,\"name\":\"Home\",\"item\":\"https:\\\/\\\/kamagra-official.to\\\/nl\\\/\"},{\"@type\":\"ListItem\",\"position\":2,\"name\":\"Shop\",\"item\":\"https:\\\/\\\/kamagra-official.to\\\/shop\\\/\"},{\"@type\":\"ListItem\",\"position\":3,\"name\":\"Extra Super P-Force 200mg\"}]},{\"@type\":\"WebSite\",\"@id\":\"https:\\\/\\\/kamagra-official.to\\\/#website\",\"url\":\"https:\\\/\\\/kamagra-official.to\\\/\",\"name\":\"kamagra-official.to\",\"description\":\"Revitalize Your Sexual Energy Across Europe\",\"publisher\":{\"@id\":\"https:\\\/\\\/kamagra-official.to\\\/#organization\"},\"potentialAction\":[{\"@type\":\"SearchAction\",\"target\":{\"@type\":\"EntryPoint\",\"urlTemplate\":\"https:\\\/\\\/kamagra-official.to\\\/?s={search_term_string}\"},\"query-input\":{\"@type\":\"PropertyValueSpecification\",\"valueRequired\":true,\"valueName\":\"search_term_string\"}}],\"inLanguage\":\"de\"},{\"@type\":\"Organization\",\"@id\":\"https:\\\/\\\/kamagra-official.to\\\/#organization\",\"name\":\"kamagra-official.to\",\"url\":\"https:\\\/\\\/kamagra-official.to\\\/\",\"logo\":{\"@type\":\"ImageObject\",\"inLanguage\":\"de\",\"@id\":\"https:\\\/\\\/kamagra-official.to\\\/#\\\/schema\\\/logo\\\/image\\\/\",\"url\":\"https:\\\/\\\/kamagra-official.to\\\/wp-content\\\/uploads\\\/2025\\\/02\\\/KAMAGRA-Photoroom-1.png\",\"contentUrl\":\"https:\\\/\\\/kamagra-official.to\\\/wp-content\\\/uploads\\\/2025\\\/02\\\/KAMAGRA-Photoroom-1.png\",\"width\":150,\"height\":153,\"caption\":\"kamagra-official.to\"},\"image\":{\"@id\":\"https:\\\/\\\/kamagra-official.to\\\/#\\\/schema\\\/logo\\\/image\\\/\"}}]}<\/script>\n<!-- \/ Yoast SEO plugin. -->","yoast_head_json":{"title":"Extra Super P-Force 200mg kaufen \u2013 Schnell & zuverl\u00e4ssig kamagra-official.to","description":"Bestellen Sie Extra Super P-Force 200mg f\u00fcr eine schnelle und langanhaltende Behandlung von Erektionsproblemen. Diskrete Lieferung und sichere Bezahlung garantiert.","robots":{"index":"index","follow":"follow","max-snippet":"max-snippet:-1","max-image-preview":"max-image-preview:large","max-video-preview":"max-video-preview:-1"},"canonical":"https:\/\/kamagra-official.to\/de\/product\/extra-super-p-force-200mg\/","og_locale":"de_DE","og_type":"article","og_title":"Extra Super P-Force 200mg kaufen \u2013 Schnell & zuverl\u00e4ssig kamagra-official.to","og_description":"Bestellen Sie Extra Super P-Force 200mg f\u00fcr eine schnelle und langanhaltende Behandlung von Erektionsproblemen. Diskrete Lieferung und sichere Bezahlung garantiert.","og_url":"https:\/\/kamagra-official.to\/de\/product\/extra-super-p-force-200mg\/","og_site_name":"kamagra-official.to","article_modified_time":"2026-01-26T14:05:38+00:00","og_image":[{"width":768,"height":768,"url":"https:\/\/kamagra-official.to\/wp-content\/uploads\/2025\/09\/extra-super-p-force-768x768-1.jpg","type":"image\/jpeg"}],"twitter_card":"summary_large_image","twitter_misc":{"Gesch\u00e4tzte Lesezeit":"2\u00a0Minuten"},"schema":{"@context":"https:\/\/schema.org","@graph":[{"@type":"WebPage","@id":"https:\/\/kamagra-official.to\/de\/product\/extra-super-p-force-200mg\/","url":"https:\/\/kamagra-official.to\/de\/product\/extra-super-p-force-200mg\/","name":"Extra Super P-Force 200mg kaufen \u2013 Schnell & zuverl\u00e4ssig kamagra-official.to","isPartOf":{"@id":"https:\/\/kamagra-official.to\/#website"},"primaryImageOfPage":{"@id":"https:\/\/kamagra-official.to\/de\/product\/extra-super-p-force-200mg\/#primaryimage"},"image":{"@id":"https:\/\/kamagra-official.to\/de\/product\/extra-super-p-force-200mg\/#primaryimage"},"thumbnailUrl":"https:\/\/kamagra-official.to\/wp-content\/uploads\/2025\/09\/extra-super-p-force-768x768-1.jpg","datePublished":"2025-01-01T13:57:26+00:00","dateModified":"2026-01-26T14:05:38+00:00","description":"Bestellen Sie Extra Super P-Force 200mg f\u00fcr eine schnelle und langanhaltende Behandlung von Erektionsproblemen. Diskrete Lieferung und sichere Bezahlung garantiert.","breadcrumb":{"@id":"https:\/\/kamagra-official.to\/de\/product\/extra-super-p-force-200mg\/#breadcrumb"},"inLanguage":"de","potentialAction":[{"@type":"ReadAction","target":["https:\/\/kamagra-official.to\/de\/product\/extra-super-p-force-200mg\/"]}]},{"@type":"ImageObject","inLanguage":"de","@id":"https:\/\/kamagra-official.to\/de\/product\/extra-super-p-force-200mg\/#primaryimage","url":"https:\/\/kamagra-official.to\/wp-content\/uploads\/2025\/09\/extra-super-p-force-768x768-1.jpg","contentUrl":"https:\/\/kamagra-official.to\/wp-content\/uploads\/2025\/09\/extra-super-p-force-768x768-1.jpg","width":768,"height":768},{"@type":"BreadcrumbList","@id":"https:\/\/kamagra-official.to\/de\/product\/extra-super-p-force-200mg\/#breadcrumb","itemListElement":[{"@type":"ListItem","position":1,"name":"Home","item":"https:\/\/kamagra-official.to\/nl\/"},{"@type":"ListItem","position":2,"name":"Shop","item":"https:\/\/kamagra-official.to\/shop\/"},{"@type":"ListItem","position":3,"name":"Extra Super P-Force 200mg"}]},{"@type":"WebSite","@id":"https:\/\/kamagra-official.to\/#website","url":"https:\/\/kamagra-official.to\/","name":"kamagra-official.to","description":"Revitalize Your Sexual Energy Across Europe","publisher":{"@id":"https:\/\/kamagra-official.to\/#organization"},"potentialAction":[{"@type":"SearchAction","target":{"@type":"EntryPoint","urlTemplate":"https:\/\/kamagra-official.to\/?s={search_term_string}"},"query-input":{"@type":"PropertyValueSpecification","valueRequired":true,"valueName":"search_term_string"}}],"inLanguage":"de"},{"@type":"Organization","@id":"https:\/\/kamagra-official.to\/#organization","name":"kamagra-official.to","url":"https:\/\/kamagra-official.to\/","logo":{"@type":"ImageObject","inLanguage":"de","@id":"https:\/\/kamagra-official.to\/#\/schema\/logo\/image\/","url":"https:\/\/kamagra-official.to\/wp-content\/uploads\/2025\/02\/KAMAGRA-Photoroom-1.png","contentUrl":"https:\/\/kamagra-official.to\/wp-content\/uploads\/2025\/02\/KAMAGRA-Photoroom-1.png","width":150,"height":153,"caption":"kamagra-official.to"},"image":{"@id":"https:\/\/kamagra-official.to\/#\/schema\/logo\/image\/"}}]}},"_links":{"self":[{"href":"https:\/\/kamagra-official.to\/de\/wp-json\/wp\/v2\/product\/24467","targetHints":{"allow":["GET"]}}],"collection":[{"href":"https:\/\/kamagra-official.to\/de\/wp-json\/wp\/v2\/product"}],"about":[{"href":"https:\/\/kamagra-official.to\/de\/wp-json\/wp\/v2\/types\/product"}],"wp:featuredmedia":[{"embeddable":true,"href":"https:\/\/kamagra-official.to\/de\/wp-json\/wp\/v2\/media\/24153"}],"wp:attachment":[{"href":"https:\/\/kamagra-official.to\/de\/wp-json\/wp\/v2\/media?parent=24467"}],"wp:term":[{"taxonomy":"product_brand","embeddable":true,"href":"https:\/\/kamagra-official.to\/de\/wp-json\/wp\/v2\/product_brand?post=24467"},{"taxonomy":"product_cat","embeddable":true,"href":"https:\/\/kamagra-official.to\/de\/wp-json\/wp\/v2\/product_cat?post=24467"},{"taxonomy":"product_tag","embeddable":true,"href":"https:\/\/kamagra-official.to\/de\/wp-json\/wp\/v2\/product_tag?post=24467"}],"curies":[{"name":"wp","href":"https:\/\/api.w.org\/{rel}","templated":true}]}}