{"id":24455,"date":"2024-12-18T16:42:47","date_gmt":"2024-12-18T16:42:47","guid":{"rendered":"https:\/\/kamagra-official.to\/product\/cobra-red-120mg\/"},"modified":"2026-01-26T14:16:25","modified_gmt":"2026-01-26T14:16:25","slug":"cobra-red-120mg","status":"publish","type":"product","link":"https:\/\/kamagra-official.to\/de\/product\/cobra-red-120mg\/","title":{"rendered":"Cobra Red 120mg"},"content":{"rendered":"<h3><strong>Cobra Red 120mg \u2013 Vertrauensw\u00fcrdige L\u00f6sung f\u00fcr Erektionsprobleme<\/strong><\/h3>\n<p>Cobra Red 120mg wurde speziell f\u00fcr M\u00e4nner entwickelt, die Schwierigkeiten mit Erektionen haben. Diese Formel hilft, Selbstvertrauen und Leistung in Ihrem Intimleben wiederherzustellen. Jede Tablette liefert 120mg Sildenafil der vierten Generation, es bietet eine gr\u00f6\u00dfere Wirksamkeit bei geringerem Risiko von Nebenwirkungen. Sildenafil f\u00f6rdert die Dilatation der Blutgef\u00e4\u00dfe und verbessert die Durchblutung im Penilgewebe f\u00fcr eine starke, lang anhaltende Erektion.<\/p>\n<h3>Vorteile von Cobra Red 120mg<\/h3>\n<ul>\n<li><strong>Effektive Ergebnisse:<\/strong> Die 120mg Sildenafil Dosierung bietet zuverl\u00e4ssige Hilfe bei erektiler Dysfunktion.<\/li>\n<li><strong>Verl\u00e4ngerte Dauer:<\/strong> Die Wirkung h\u00e4lt in der Regel 4-6 Stunden an, dadurch haben Sie gen\u00fcgend Zeit, intime Momente zu genie\u00dfen.<\/li>\n<li><strong>Praktische Anwendung:<\/strong> Schlucken Sie einfach eine Tablette mit Wasser etwa eine Stunde vor der geplanten Aktivit\u00e4t.<\/li>\n<\/ul>\n<h3>Empfohlene Dosierung<\/h3>\n<p>Beginnen Sie mit einer halben Cobra Red 120mg Tablette. Bei Bedarf erh\u00f6hen Sie auf eine ganze Tablette. \u00dcberschreiten Sie nicht eine Tablette pro Tag.<\/p>\n<h3>Wie es funktioniert<\/h3>\n<p>Die Wirkung von Cobra Red 120mg beginnt in der Regel innerhalb von 30-60 Minuten nach der Einnahme und h\u00e4lt etwa 5 Stunden an. Da es sich hierbei nicht um ein Aphrodisiakum handelt, ist eine sexuelle Stimulation f\u00fcr beste Ergebnisse erforderlich.<\/p>\n<h3>Cobra Red 120mg und Alkohol<\/h3>\n<p>Vermeiden Sie die Kombination von Cobra Red 120mg mit Alkohol, da dies die Wirksamkeit stark reduzieren kann. \u00c4hnlich k\u00f6nnen schwere oder fetthaltige Mahlzeiten beeinflussen, wie schnell oder stark die Tablette wirkt.<\/p>\n<h3>Wechselwirkungen mit anderen Medikamenten<\/h3>\n<p>Sprechen Sie mit Ihrem Arzt, bevor Sie Cobra Red 120mg mit anderen Medikamenten verwenden, insbesondere wenn Sie einnehmen:<\/p>\n<ul>\n<li>Cimetidin<\/li>\n<li>Ketoconazol<\/li>\n<li>Erythromycin<\/li>\n<\/ul>\n<p>Einige Kombinationen k\u00f6nnen die Wirksamkeit verringern oder zu unerw\u00fcnschten Nebenwirkungen f\u00fchren.<\/p>\n<h3>Nebenwirkungen und allergische Reaktionen<\/h3>\n<p>Cobra Red 120mg wird im Allgemeinen gut vertragen, und Nebenwirkungen sind in der Regel mild und von kurzer Dauer.<\/p>\n<p><strong>H\u00e4ufige Nebenwirkungen:<\/strong><\/p>\n<ul>\n<li>Gesichtsr\u00f6tung<\/li>\n<li>Kopfschmerzen<\/li>\n<\/ul>\n<p><strong>Weniger h\u00e4ufige Nebenwirkungen:<\/strong><\/p>\n<ul>\n<li>Schwindel<\/li>\n<li>Verschwommene Sicht<\/li>\n<li>Muskelschmerzen<\/li>\n<li>Magenbeschwerden<\/li>\n<li>Hautausschlag<\/li>\n<li>Nasenverstopfung<\/li>\n<\/ul>\n<p>Wenn Sie schwere oder unangenehme Nebenwirkungen versp\u00fcren, wenden Sie sich sofort an Ihren Arzt.<\/p>\n<h3>Verwenden Sie Cobra Red 120mg Nicht, Wenn:<\/h3>\n<ul>\n<li>Sie Nitrate f\u00fcr Brustschmerzen (Angina pectoris) einnehmen.<\/li>\n<li>Sie in den letzten 3\u20136 Monaten einen Herzinfarkt, Schlaganfall oder Herzversagen hatten.<\/li>\n<li>Sie Probleme mit dem Blutdruck oder Blutgerinnungsst\u00f6rungen haben.<\/li>\n<li>Sie allergisch gegen Sildenafil, den Wirkstoff in Cobra Red 120mg, sind.<\/li>\n<\/ul>\n<h3>Lagerung<\/h3>\n<p>Lagern Sie in der Originalverpackung au\u00dferhalb der Reichweite von Kindern. Aufbewahren bei 10\u201330\u00b0C in einer trockenen Umgebung, fern von direktem Sonnenlicht.<\/p>\n","protected":false},"excerpt":{"rendered":"<p><strong>120 mg Sildenafil<\/strong><\/p>\n<p>Dieses Paket enth\u00e4lt 5 Tabletten, jede mit einer starken 120 mg Dosis Sildenafil. Entworfen f\u00fcr M\u00e4nner, die zuverl\u00e4ssige Unterst\u00fctzung bei Erektionsschwierigkeiten suchen, bietet 120 mg Sildenafil starke, anhaltende Ergebnisse und gr\u00f6\u00dferes Vertrauen in intimen Momenten, alles in einer praktischen Verpackung f\u00fcr flexiblen Gebrauch.<\/p>\n","protected":false},"featured_media":23911,"template":"","meta":[],"product_brand":[],"product_cat":[137,106,135,138],"product_tag":[],"class_list":{"0":"post-24455","1":"product","2":"type-product","3":"status-publish","4":"has-post-thumbnail","6":"product_cat-erektionsunterstutzung","7":"product_cat-generisches-viagra","8":"product_cat-kamagra-tabletten","9":"product_cat-viagra-ohne-rezept","11":"first","12":"instock","13":"shipping-taxable","14":"purchasable","15":"product-type-simple"},"yoast_head":"<!-- This site is optimized with the Yoast SEO plugin v27.5 - https:\/\/yoast.com\/product\/yoast-seo-wordpress\/ -->\n<title>Cobra Red 120mg \u2013 Effektive L\u00f6sung bei Erektionsst\u00f6rungen kamagra-official.to<\/title>\n<meta name=\"description\" content=\"Cobra Red 120mg ist eine potente Behandlung gegen Erektionsprobleme. Schnelle Wirkung, diskrete Lieferung und einfache Online-Bestellung. Verbessern Sie Ihr Liebesleben noch heute!\" \/>\n<meta name=\"robots\" content=\"index, follow, max-snippet:-1, max-image-preview:large, max-video-preview:-1\" \/>\n<link rel=\"canonical\" href=\"https:\/\/kamagra-official.to\/de\/product\/cobra-red-120mg\/\" \/>\n<meta property=\"og:locale\" content=\"de_DE\" \/>\n<meta property=\"og:type\" content=\"article\" \/>\n<meta property=\"og:title\" content=\"Cobra Red 120mg \u2013 Effektive L\u00f6sung bei Erektionsst\u00f6rungen kamagra-official.to\" \/>\n<meta property=\"og:description\" content=\"Cobra Red 120mg ist eine potente Behandlung gegen Erektionsprobleme. Schnelle Wirkung, diskrete Lieferung und einfache Online-Bestellung. Verbessern Sie Ihr Liebesleben noch heute!\" \/>\n<meta property=\"og:url\" content=\"https:\/\/kamagra-official.to\/de\/product\/cobra-red-120mg\/\" \/>\n<meta property=\"og:site_name\" content=\"kamagra-official.to\" \/>\n<meta property=\"article:modified_time\" content=\"2026-01-26T14:16:25+00:00\" \/>\n<meta property=\"og:image\" content=\"https:\/\/kamagra-official.to\/wp-content\/uploads\/2025\/09\/cobra-120-768x768-1.jpg\" \/>\n\t<meta property=\"og:image:width\" content=\"768\" \/>\n\t<meta property=\"og:image:height\" content=\"768\" \/>\n\t<meta property=\"og:image:type\" content=\"image\/jpeg\" \/>\n<meta name=\"twitter:card\" content=\"summary_large_image\" \/>\n<meta name=\"twitter:label1\" content=\"Gesch\u00e4tzte Lesezeit\" \/>\n\t<meta name=\"twitter:data1\" content=\"2\u00a0Minuten\" \/>\n<script type=\"application\/ld+json\" class=\"yoast-schema-graph\">{\"@context\":\"https:\\\/\\\/schema.org\",\"@graph\":[{\"@type\":\"WebPage\",\"@id\":\"https:\\\/\\\/kamagra-official.to\\\/de\\\/product\\\/cobra-red-120mg\\\/\",\"url\":\"https:\\\/\\\/kamagra-official.to\\\/de\\\/product\\\/cobra-red-120mg\\\/\",\"name\":\"Cobra Red 120mg \u2013 Effektive L\u00f6sung bei Erektionsst\u00f6rungen kamagra-official.to\",\"isPartOf\":{\"@id\":\"https:\\\/\\\/kamagra-official.to\\\/#website\"},\"primaryImageOfPage\":{\"@id\":\"https:\\\/\\\/kamagra-official.to\\\/de\\\/product\\\/cobra-red-120mg\\\/#primaryimage\"},\"image\":{\"@id\":\"https:\\\/\\\/kamagra-official.to\\\/de\\\/product\\\/cobra-red-120mg\\\/#primaryimage\"},\"thumbnailUrl\":\"https:\\\/\\\/kamagra-official.to\\\/wp-content\\\/uploads\\\/2025\\\/09\\\/cobra-120-768x768-1.jpg\",\"datePublished\":\"2024-12-18T16:42:47+00:00\",\"dateModified\":\"2026-01-26T14:16:25+00:00\",\"description\":\"Cobra Red 120mg ist eine potente Behandlung gegen Erektionsprobleme. Schnelle Wirkung, diskrete Lieferung und einfache Online-Bestellung. Verbessern Sie Ihr Liebesleben noch heute!\",\"breadcrumb\":{\"@id\":\"https:\\\/\\\/kamagra-official.to\\\/de\\\/product\\\/cobra-red-120mg\\\/#breadcrumb\"},\"inLanguage\":\"de\",\"potentialAction\":[{\"@type\":\"ReadAction\",\"target\":[\"https:\\\/\\\/kamagra-official.to\\\/de\\\/product\\\/cobra-red-120mg\\\/\"]}]},{\"@type\":\"ImageObject\",\"inLanguage\":\"de\",\"@id\":\"https:\\\/\\\/kamagra-official.to\\\/de\\\/product\\\/cobra-red-120mg\\\/#primaryimage\",\"url\":\"https:\\\/\\\/kamagra-official.to\\\/wp-content\\\/uploads\\\/2025\\\/09\\\/cobra-120-768x768-1.jpg\",\"contentUrl\":\"https:\\\/\\\/kamagra-official.to\\\/wp-content\\\/uploads\\\/2025\\\/09\\\/cobra-120-768x768-1.jpg\",\"width\":768,\"height\":768},{\"@type\":\"BreadcrumbList\",\"@id\":\"https:\\\/\\\/kamagra-official.to\\\/de\\\/product\\\/cobra-red-120mg\\\/#breadcrumb\",\"itemListElement\":[{\"@type\":\"ListItem\",\"position\":1,\"name\":\"Home\",\"item\":\"https:\\\/\\\/kamagra-official.to\\\/nl\\\/\"},{\"@type\":\"ListItem\",\"position\":2,\"name\":\"Shop\",\"item\":\"https:\\\/\\\/kamagra-official.to\\\/shop\\\/\"},{\"@type\":\"ListItem\",\"position\":3,\"name\":\"Cobra Red 120mg\"}]},{\"@type\":\"WebSite\",\"@id\":\"https:\\\/\\\/kamagra-official.to\\\/#website\",\"url\":\"https:\\\/\\\/kamagra-official.to\\\/\",\"name\":\"kamagra-official.to\",\"description\":\"Revitalize Your Sexual Energy Across Europe\",\"publisher\":{\"@id\":\"https:\\\/\\\/kamagra-official.to\\\/#organization\"},\"potentialAction\":[{\"@type\":\"SearchAction\",\"target\":{\"@type\":\"EntryPoint\",\"urlTemplate\":\"https:\\\/\\\/kamagra-official.to\\\/?s={search_term_string}\"},\"query-input\":{\"@type\":\"PropertyValueSpecification\",\"valueRequired\":true,\"valueName\":\"search_term_string\"}}],\"inLanguage\":\"de\"},{\"@type\":\"Organization\",\"@id\":\"https:\\\/\\\/kamagra-official.to\\\/#organization\",\"name\":\"kamagra-official.to\",\"url\":\"https:\\\/\\\/kamagra-official.to\\\/\",\"logo\":{\"@type\":\"ImageObject\",\"inLanguage\":\"de\",\"@id\":\"https:\\\/\\\/kamagra-official.to\\\/#\\\/schema\\\/logo\\\/image\\\/\",\"url\":\"https:\\\/\\\/kamagra-official.to\\\/wp-content\\\/uploads\\\/2025\\\/02\\\/KAMAGRA-Photoroom-1.png\",\"contentUrl\":\"https:\\\/\\\/kamagra-official.to\\\/wp-content\\\/uploads\\\/2025\\\/02\\\/KAMAGRA-Photoroom-1.png\",\"width\":150,\"height\":153,\"caption\":\"kamagra-official.to\"},\"image\":{\"@id\":\"https:\\\/\\\/kamagra-official.to\\\/#\\\/schema\\\/logo\\\/image\\\/\"}}]}<\/script>\n<!-- \/ Yoast SEO plugin. -->","yoast_head_json":{"title":"Cobra Red 120mg \u2013 Effektive L\u00f6sung bei Erektionsst\u00f6rungen kamagra-official.to","description":"Cobra Red 120mg ist eine potente Behandlung gegen Erektionsprobleme. Schnelle Wirkung, diskrete Lieferung und einfache Online-Bestellung. Verbessern Sie Ihr Liebesleben noch heute!","robots":{"index":"index","follow":"follow","max-snippet":"max-snippet:-1","max-image-preview":"max-image-preview:large","max-video-preview":"max-video-preview:-1"},"canonical":"https:\/\/kamagra-official.to\/de\/product\/cobra-red-120mg\/","og_locale":"de_DE","og_type":"article","og_title":"Cobra Red 120mg \u2013 Effektive L\u00f6sung bei Erektionsst\u00f6rungen kamagra-official.to","og_description":"Cobra Red 120mg ist eine potente Behandlung gegen Erektionsprobleme. Schnelle Wirkung, diskrete Lieferung und einfache Online-Bestellung. Verbessern Sie Ihr Liebesleben noch heute!","og_url":"https:\/\/kamagra-official.to\/de\/product\/cobra-red-120mg\/","og_site_name":"kamagra-official.to","article_modified_time":"2026-01-26T14:16:25+00:00","og_image":[{"width":768,"height":768,"url":"https:\/\/kamagra-official.to\/wp-content\/uploads\/2025\/09\/cobra-120-768x768-1.jpg","type":"image\/jpeg"}],"twitter_card":"summary_large_image","twitter_misc":{"Gesch\u00e4tzte Lesezeit":"2\u00a0Minuten"},"schema":{"@context":"https:\/\/schema.org","@graph":[{"@type":"WebPage","@id":"https:\/\/kamagra-official.to\/de\/product\/cobra-red-120mg\/","url":"https:\/\/kamagra-official.to\/de\/product\/cobra-red-120mg\/","name":"Cobra Red 120mg \u2013 Effektive L\u00f6sung bei Erektionsst\u00f6rungen kamagra-official.to","isPartOf":{"@id":"https:\/\/kamagra-official.to\/#website"},"primaryImageOfPage":{"@id":"https:\/\/kamagra-official.to\/de\/product\/cobra-red-120mg\/#primaryimage"},"image":{"@id":"https:\/\/kamagra-official.to\/de\/product\/cobra-red-120mg\/#primaryimage"},"thumbnailUrl":"https:\/\/kamagra-official.to\/wp-content\/uploads\/2025\/09\/cobra-120-768x768-1.jpg","datePublished":"2024-12-18T16:42:47+00:00","dateModified":"2026-01-26T14:16:25+00:00","description":"Cobra Red 120mg ist eine potente Behandlung gegen Erektionsprobleme. Schnelle Wirkung, diskrete Lieferung und einfache Online-Bestellung. Verbessern Sie Ihr Liebesleben noch heute!","breadcrumb":{"@id":"https:\/\/kamagra-official.to\/de\/product\/cobra-red-120mg\/#breadcrumb"},"inLanguage":"de","potentialAction":[{"@type":"ReadAction","target":["https:\/\/kamagra-official.to\/de\/product\/cobra-red-120mg\/"]}]},{"@type":"ImageObject","inLanguage":"de","@id":"https:\/\/kamagra-official.to\/de\/product\/cobra-red-120mg\/#primaryimage","url":"https:\/\/kamagra-official.to\/wp-content\/uploads\/2025\/09\/cobra-120-768x768-1.jpg","contentUrl":"https:\/\/kamagra-official.to\/wp-content\/uploads\/2025\/09\/cobra-120-768x768-1.jpg","width":768,"height":768},{"@type":"BreadcrumbList","@id":"https:\/\/kamagra-official.to\/de\/product\/cobra-red-120mg\/#breadcrumb","itemListElement":[{"@type":"ListItem","position":1,"name":"Home","item":"https:\/\/kamagra-official.to\/nl\/"},{"@type":"ListItem","position":2,"name":"Shop","item":"https:\/\/kamagra-official.to\/shop\/"},{"@type":"ListItem","position":3,"name":"Cobra Red 120mg"}]},{"@type":"WebSite","@id":"https:\/\/kamagra-official.to\/#website","url":"https:\/\/kamagra-official.to\/","name":"kamagra-official.to","description":"Revitalize Your Sexual Energy Across Europe","publisher":{"@id":"https:\/\/kamagra-official.to\/#organization"},"potentialAction":[{"@type":"SearchAction","target":{"@type":"EntryPoint","urlTemplate":"https:\/\/kamagra-official.to\/?s={search_term_string}"},"query-input":{"@type":"PropertyValueSpecification","valueRequired":true,"valueName":"search_term_string"}}],"inLanguage":"de"},{"@type":"Organization","@id":"https:\/\/kamagra-official.to\/#organization","name":"kamagra-official.to","url":"https:\/\/kamagra-official.to\/","logo":{"@type":"ImageObject","inLanguage":"de","@id":"https:\/\/kamagra-official.to\/#\/schema\/logo\/image\/","url":"https:\/\/kamagra-official.to\/wp-content\/uploads\/2025\/02\/KAMAGRA-Photoroom-1.png","contentUrl":"https:\/\/kamagra-official.to\/wp-content\/uploads\/2025\/02\/KAMAGRA-Photoroom-1.png","width":150,"height":153,"caption":"kamagra-official.to"},"image":{"@id":"https:\/\/kamagra-official.to\/#\/schema\/logo\/image\/"}}]}},"_links":{"self":[{"href":"https:\/\/kamagra-official.to\/de\/wp-json\/wp\/v2\/product\/24455","targetHints":{"allow":["GET"]}}],"collection":[{"href":"https:\/\/kamagra-official.to\/de\/wp-json\/wp\/v2\/product"}],"about":[{"href":"https:\/\/kamagra-official.to\/de\/wp-json\/wp\/v2\/types\/product"}],"wp:featuredmedia":[{"embeddable":true,"href":"https:\/\/kamagra-official.to\/de\/wp-json\/wp\/v2\/media\/23911"}],"wp:attachment":[{"href":"https:\/\/kamagra-official.to\/de\/wp-json\/wp\/v2\/media?parent=24455"}],"wp:term":[{"taxonomy":"product_brand","embeddable":true,"href":"https:\/\/kamagra-official.to\/de\/wp-json\/wp\/v2\/product_brand?post=24455"},{"taxonomy":"product_cat","embeddable":true,"href":"https:\/\/kamagra-official.to\/de\/wp-json\/wp\/v2\/product_cat?post=24455"},{"taxonomy":"product_tag","embeddable":true,"href":"https:\/\/kamagra-official.to\/de\/wp-json\/wp\/v2\/product_tag?post=24455"}],"curies":[{"name":"wp","href":"https:\/\/api.w.org\/{rel}","templated":true}]}}