{"id":18327,"date":"2024-12-22T10:51:55","date_gmt":"2024-12-22T10:51:55","guid":{"rendered":"https:\/\/world-shop.info\/datenschutzrichtlinien\/"},"modified":"2025-11-21T14:28:39","modified_gmt":"2025-11-21T14:28:39","slug":"datenschutzrichtlinien","status":"publish","type":"page","link":"https:\/\/kamagra-official.to\/de\/datenschutzrichtlinien\/","title":{"rendered":"Datenschutzbestimmungen"},"content":{"rendered":"\t\t<div data-elementor-type=\"wp-page\" data-elementor-id=\"18327\" class=\"elementor elementor-18327 elementor-14765\" data-elementor-post-type=\"page\">\n\t\t\t\t<div class=\"elementor-element elementor-element-049e202 e-flex e-con-boxed e-con e-parent\" data-id=\"049e202\" data-element_type=\"container\" data-e-type=\"container\">\n\t\t\t\t\t<div class=\"e-con-inner\">\n\t\t\t\t<div class=\"elementor-element elementor-element-6b91426 elementor-widget elementor-widget-spacer\" data-id=\"6b91426\" data-element_type=\"widget\" data-e-type=\"widget\" data-widget_type=\"spacer.default\">\n\t\t\t\t<div class=\"elementor-widget-container\">\n\t\t\t\t\t\t\t<div class=\"elementor-spacer\">\n\t\t\t<div class=\"elementor-spacer-inner\"><\/div>\n\t\t<\/div>\n\t\t\t\t\t\t<\/div>\n\t\t\t\t<\/div>\n\t\t\t\t\t<\/div>\n\t\t\t\t<\/div>\n\t\t<div class=\"elementor-element elementor-element-b09979d e-con-full e-flex e-con e-parent\" data-id=\"b09979d\" data-element_type=\"container\" data-e-type=\"container\">\n\t\t\t\t<div class=\"elementor-element elementor-element-e9deaf9 elementor-widget elementor-widget-text-editor\" data-id=\"e9deaf9\" data-element_type=\"widget\" data-e-type=\"widget\" data-widget_type=\"text-editor.default\">\n\t\t\t\t<div class=\"elementor-widget-container\">\n\t\t\t\t\t\t\t\t\t<p><br \/><br \/><br \/><\/p><p><style>\n        body {<br \/>\n            font-family: Arial, sans-serif;<br \/>\n            line-height: 1.6;<br \/>\n            margin: 20px;<br \/>\n            max-width: 800px;<br \/>\n        }<br \/>\n        h1, h2 {<br \/>\n            color: #333;<br \/>\n        }<br \/>\n        h1 {<br \/>\n            text-align: center;<br \/>\n        }<br \/>\n        p {<br \/>\n            margin-bottom: 1em;<br \/>\n        }<br \/>\n    <\/style><\/p><p>\u00a0<\/p><h1>Allgemeine Gesch\u00e4ftsbedingungen<\/h1><h2>I. Einleitende Bestimmungen<\/h2><p>Der Betreiber des Online-Shops ist: kamagra-official.to \u2013 Ruopigenring 85, 6015 Luzern, Schweiz (im Folgenden als E-Shop bezeichnet).<\/p><p>Alle Vertragsbeziehungen werden in \u00dcbereinstimmung mit der Rechtsordnung der Schweiz. Rechtsverh\u00e4ltnisse, die nicht ausdr\u00fccklich durch diese AGB geregelt sind, unterliegen dem Gesetz Nr. 89\/2012 Coll., dem B\u00fcrgerlichen Gesetzbuch (im Folgenden als &#8222;BGB&#8220; bezeichnet).<\/p><p>Falls der K\u00e4ufer ein Verbraucher ist (eine Person, die nicht als Unternehmer handelt, der eine Bestellung aufgibt oder einen Vertrag mit dem Verk\u00e4ufer innerhalb ihrer gesch\u00e4ftlichen Aktivit\u00e4ten abschlie\u00dft), sind die Rechte und Pflichten des Verk\u00e4ufers und des K\u00e4ufers auch durch die Bestimmungen des \u00a7 2158 ff. BGB (&#8222;Besondere Bestimmungen \u00fcber den Verkauf von Waren in einem Gesch\u00e4ft&#8220;) und f\u00fcr Verbraucherk\u00e4ufer auch durch das Gesetz Nr. 634\/1992 Coll., zum Verbraucherschutz, in der ge\u00e4nderten Fassung (im Folgenden als &#8222;VerbrG&#8220; bezeichnet), geregelt.<\/p><h2>II. Definitionen<\/h2><p><strong>Verbrauchervertrag<\/strong> \u2013 ein Kaufvertrag, Werkvertrag, Dienstleistungsvertrag oder ein anderer Vertrag gem\u00e4\u00df dem BGB, wenn die Parteien auf der einen Seite ein Verbraucher (eine Person, die nicht als Unternehmer handelt, der eine Bestellung aufgibt oder einen Vertrag mit dem Verk\u00e4ufer innerhalb ihrer gesch\u00e4ftlichen Aktivit\u00e4ten oder ihres Berufs abschlie\u00dft) und auf der anderen Seite der Lieferant oder Verk\u00e4ufer sind.<\/p><p><strong>Verk\u00e4ufer<\/strong> \u2013 der Betreiber des Online-Shops \u2013 eine Person, die bei Abschluss und Erf\u00fcllung des Vertrags innerhalb ihrer Gesch\u00e4fts- oder unternehmerischen Aktivit\u00e4ten handelt. Dabei handelt es sich um einen Unternehmer, der Produkte liefert oder Dienstleistungen an einen K\u00e4ufer entweder direkt oder \u00fcber andere Unternehmer erbringt.<\/p><p><strong>K\u00e4ufer<\/strong> &#8211; Verbraucher \u2013 eine Person, die beim Abschluss und Erf\u00fcllung des Vertrags nicht innerhalb ihrer gesch\u00e4ftlichen Aktivit\u00e4ten handelt. Es handelt sich um eine nat\u00fcrliche oder juristische Person, die Produkte kauft oder Dienstleistungen nutzt, die f\u00fcr Zwecke au\u00dferhalb ihrer gesch\u00e4ftlichen T\u00e4tigkeit mit diesen Produkten oder Dienstleistungen vorgesehen sind. Ein K\u00e4ufer, der kein Verbraucher ist, ist ein Unternehmer, der Produkte kauft oder Dienstleistungen im Rahmen seiner gesch\u00e4ftlichen Aktivit\u00e4ten oder seiner selbst\u00e4ndigen beruflichen T\u00e4tigkeit nutzt.<\/p><h2>III. Verarbeitung und Nutzung von personenbezogenen Daten<\/h2><p>Der Zugang zum E-Shop kann an die Bereitstellung einiger pers\u00f6nlichen Daten des K\u00e4ufers gekn\u00fcpft sein. In einem solchen Fall wird der Verk\u00e4ufer solche Daten in \u00dcbereinstimmung mit den geltenden gesetzlichen Vorschriften, insbesondere in \u00dcbereinstimmung mit dem Gesetz Nr. 101\/2000 Coll., zum Schutz personenbezogener Daten, in seiner ge\u00e4nderten Fassung behandeln. Pers\u00f6nliche Daten sind vollst\u00e4ndig gegen Missbrauch gesichert. Die Daten werden gespeichert und nicht mit Drittanbieteranwendungen geteilt. Der Verk\u00e4ufer kann die bereitgestellten pers\u00f6nlichen Daten \u00fcber die f\u00fcr den Abschluss und die Erf\u00fcllung des Vertrags notwendige Verarbeitung hinaus nur unter den unten aufgef\u00fchrten Bedingungen verwenden. Der K\u00e4ufer erkennt an, dass die im Zusammenhang mit dem Kauf eines Produkts oder einer Dienstleistung angegebene E-Mail-Adresse zur Zusendung von kommerzieller Kommunikation vom E-Shop gem\u00e4\u00df Gesetz Nr. 480\/2004 Coll., In seiner ge\u00e4nderten Fassung, mit einem Angebot \u00e4hnlicher Produkte oder Dienstleistungen verwendet werden kann. Wenn der Empf\u00e4nger keine weitere kommerzielle Kommunikation erhalten m\u00f6chte, kann er diese Ablehnung der Zusendung von kommerziellen Kommunikationen durch das Senden einer E-Mail mit der Ablehnung an die E-Mail-Adresse des E-Shops: info@kamagra-official.to zum Ausdruck bringen.<\/p><h2>IV. Annahme und Bearbeitung von Bestellungen, Kaufvertrag<\/h2><p>Eine g\u00fcltige elektronische Bestellung setzt die Ausf\u00fcllung aller vorgeschriebenen Daten und Details im Bestellformular voraus. Bevor der K\u00e4ufer die Bestellung endg\u00fcltig best\u00e4tigt, hat er das Recht, die gesamte Bestellung und die eingegebenen Daten zu \u00fcberpr\u00fcfen. Wenn der K\u00e4ufer mit der Form der Bestellung einverstanden ist, wird die Bestellung endg\u00fcltig zur Bearbeitung gesendet, indem er auf die Schaltfl\u00e4che zur Best\u00e4tigung der Bestellung klickt. Dieses Senden ist bindend. Der Kaufvertrag kommt zustande, indem der K\u00e4ufer die Bestellung nach Auswahl der Liefer- und Zahlungsart absendet und diese vom E-Shop angenommen wird, der keine Verantwortung f\u00fcr etwaige Fehler bei der Daten\u00fcbertragung \u00fcbernimmt. Der E-Shop wird den Abschluss des Vertrags umgehend mit einer informativen E-Mail an die vom K\u00e4ufer angegebene E-Mail-Adresse best\u00e4tigen.<\/p><p>Der Verk\u00e4ufer beh\u00e4lt sich das Recht vor, die Bestellung des K\u00e4ufers nicht anzunehmen, falls ein offensichtlicher Fehler in Bezug auf den Preis, die Beschreibung oder das Bild des Produkts im Produktkatalog des Verk\u00e4ufers E-Shop in jedem Stadium der Auftragsbearbeitung vorliegt. Der K\u00e4ufer wird per E-Mail \u00fcber die Nichtannahme der Bestellung aufgrund eines offensichtlichen Fehlers informiert.<\/p><p>Der Verk\u00e4ufer beh\u00e4lt sich das Recht vor, eine Bestellung oder deren Teil zu stornieren, insbesondere in folgenden F\u00e4llen: &#8211; das Produkt wird nicht mehr hergestellt oder geliefert oder der Preis der gelieferten Waren hat sich erheblich ge\u00e4ndert. Wenn diese Situation eintritt, wird der Verk\u00e4ufer sich umgehend mit dem K\u00e4ufer in Verbindung setzen, um das weitere Vorgehen abzustimmen. Wenn der K\u00e4ufer bereits einen Teil oder den gesamten Kaufpreis bezahlt hat, wird dieser Betrag auf sein Konto zur\u00fcck\u00fcberwiesen und der Kaufvertrag wird nicht abgeschlossen.<\/p><p>Der Verk\u00e4ufer beh\u00e4lt sich das Recht vor, die Bearbeitung einer Bestellung f\u00fcr Waren abzulehnen, die nicht im E-Shop angeboten werden, sowie eine Bestellung f\u00fcr Waren, die der Hersteller oder Lieferant nicht liefern kann (nicht mehr hergestellt, in anderen Farben nicht verf\u00fcgbar, etc.).<\/p><p>Der Vertrag wird in tschechischer Sprache geschlossen. Wenn f\u00fcr den K\u00e4ufer eine \u00dcbersetzung des Vertragstextes notwendig ist, gilt im Falle eines Streits \u00fcber die Auslegung des Vertrags die tschechische Fassung des Vertrags.<\/p><h2>V. Preise<\/h2><p>Die auf dem E-Shop angegebenen Preise sind Endpreise, inklusive MwSt. Transportkosten, deren H\u00f6he je nach spezifischer Bestellung variieren kann (abh\u00e4ngig von der gew\u00e4hlten Liefermethode), werden anschlie\u00dfend im Bestellformular hinzugef\u00fcgt. Der endg\u00fcltig berechnete Preis nach Ausf\u00fcllung des Bestellformulars beinhaltet bereits den Versand. Der zum Zeitpunkt der Bestellung durch den K\u00e4ufer g\u00fcltige Preis gilt als Preis zum Abschluss des Vertrags zwischen Verk\u00e4ufer und K\u00e4ufer. Dieser Preis wird in der Bestellung und in der E-Mail, die den Erhalt der Warenbestellung best\u00e4tigt, angegeben.<\/p><h2>VI. Lieferung der Ware<\/h2><p>Der K\u00e4ufer\/Verbraucher ist verpflichtet, die Ware ordnungsgem\u00e4\u00df vom Spediteur in Empfang zu nehmen, die Unversehrtheit der Verpackung, die Anzahl der Pakete zu \u00fcberpr\u00fcfen und eventuelle Unstimmigkeiten sofort dem Spediteur zu melden. Wenn Hinweise auf einen nicht autorisierten Zugriff auf die Sendung vorliegen, wird dem K\u00e4ufer empfohlen, die Sendung in seinem eigenen Interesse nicht anzunehmen! Mit der Annahme der Sendung best\u00e4tigt der K\u00e4ufer, dass das Paket alle oben genannten Bedingungen und Anforderungen erf\u00fcllt hat und sp\u00e4tere Beschwerden \u00fcber die Unversehrtheit des Pakets nicht ber\u00fccksichtigt werden.<\/p><h2>VII. R\u00fcckgabe der Ware \u2013 R\u00fccktritt vom Vertrag innerhalb einer 14-Tage-Frist<\/h2><p>Der K\u00e4ufer, der einen Fernabsatzvertrag abgeschlossen und Waren im E-Shop gekauft hat, hat das Recht, die Ware ohne Angabe von Gr\u00fcnden innerhalb von 14 (vierzehn) Tagen nach Lieferung zur\u00fcckzugeben (in \u00dcbereinstimmung mit dem neuen B\u00fcrgerlichen Gesetzbuch \u00a7 1829 Abs. 1).<\/p><p>Wenn der K\u00e4ufer vom Vertrag zur\u00fccktritt, muss er die Ware ohne unangemessene Verz\u00f6gerung, sp\u00e4testens jedoch 14 (vierzehn) Tage nach dem R\u00fccktritt vom Kaufvertrag, an den Verk\u00e4ufer schicken oder \u00fcbergeben.<\/p><p>Entsprechend \u00a7 1832 Abs. 4 BGB ist der Verk\u00e4ufer bei R\u00fccktritt des K\u00e4ufers vom Kaufvertrag nicht verpflichtet, die vom Verbraucher erhaltenen Gelder zur\u00fcckzugeben, bevor der Verbraucher die Ware an den Verk\u00e4ufer zur\u00fcckgeschickt hat oder nachweisen kann, dass er die Ware an den Verk\u00e4ufer zur\u00fcckgeschickt hat.<\/p><p>Die Ware sollte m\u00f6glichst in ihrem urspr\u00fcnglichen Zustand,<\/p><p>Zustand, unbesch\u00e4digt, unbenutzt, ungetragen, ungewaschen, einschlie\u00dflich Original-Etiketten, Labels und Verkaufsdokumenten.<\/p><p>Nach R\u00fccksendung der Ware (Waren, die per Nachnahme zur\u00fcckgesendet werden, werden nicht akzeptiert), wird dem K\u00e4ufer seine Zahlung auf das angegebene Bankkonto zur\u00fcckerstattet.<\/p><p>Wenn der K\u00e4ufer innerhalb der 14-t\u00e4gigen Frist gebrauchte, besch\u00e4digte, gewaschene Waren zur\u00fccksendet, wird der Kaufpreis f\u00fcr die Waren nicht vollst\u00e4ndig erstattet. In diesem Fall wird der Verk\u00e4ufer den Kaufpreis wegen Abnutzung reduzieren.<\/p><p>Der K\u00e4ufer tr\u00e4gt die vollen Kosten f\u00fcr die R\u00fccksendung der Ware an den Verk\u00e4ufer.<\/p><p>Wenn Sie vom Vertrag mit dem Verk\u00e4ufer zur\u00fccktreten, erstatten wir Ihnen unverz\u00fcglich, sp\u00e4testens 14 Tage nach dem Tag, an dem wir \u00fcber Ihre Entscheidung, vom Vertrag zur\u00fcckzutreten, informiert wurden, alle von Ihnen erhaltenen Zahlungen, einschlie\u00dflich der Kosten f\u00fcr die Lieferung der Waren an Sie (mit Ausnahme der zus\u00e4tzlichen Kosten, die durch Ihre gew\u00e4hlte Liefermethode entstanden sind, die anders als die g\u00fcnstigste Standardliefermethode angeboten vom Verk\u00e4ufer ist).<\/p><p>Um das Recht auf R\u00fccktritt vom Vertrag auszu\u00fcben, m\u00fcssen Sie den Verk\u00e4ufer innerhalb der festgelegten Frist von 14 Tagen durch eine klare Erkl\u00e4rung (z.B. ein per Post oder E-Mail gesendeter Brief) \u00fcber Ihre Entscheidung, vom Vertrag zur\u00fcckzutreten, informieren. Wir senden Ihnen umgehend eine Best\u00e4tigung \u00fcber den Eingang dieser R\u00fccktrittserkl\u00e4rung vom Vertrag.<\/p><h2>VIII. Rechte aus mangelhafter Leistung \u2013 Beschwerden<\/h2><p>Die Rechte und Pflichten der Vertragsparteien hinsichtlich der Rechte aus mangelhafter Leistung sind<\/p>\t\t\t\t\t\t\t\t<\/div>\n\t\t\t\t<\/div>\n\t\t\t\t<\/div>\n\t\t\t\t<\/div>\n\t\t","protected":false},"excerpt":{"rendered":"<p>\u00a0 Allgemeine Gesch\u00e4ftsbedingungen I. Einleitende Bestimmungen Der Betreiber des Online-Shops ist: kamagra-official.to \u2013 Ruopigenring 85, 6015 Luzern, Schweiz (im Folgenden als E-Shop bezeichnet). Alle Vertragsbeziehungen werden in \u00dcbereinstimmung mit der Rechtsordnung der Schweiz. Rechtsverh\u00e4ltnisse, die nicht ausdr\u00fccklich durch diese AGB geregelt sind, unterliegen dem Gesetz Nr. 89\/2012 Coll., dem B\u00fcrgerlichen Gesetzbuch (im Folgenden als &#8222;BGB&#8220; [&#8230;]\n","protected":false},"author":1,"featured_media":0,"parent":0,"menu_order":0,"comment_status":"closed","ping_status":"closed","template":"","meta":{"footnotes":""},"class_list":["post-18327","page","type-page","status-publish","hentry"],"yoast_head":"<!-- This site is optimized with the Yoast SEO plugin v27.5 - https:\/\/yoast.com\/product\/yoast-seo-wordpress\/ -->\n<title>Datenschutzbestimmungen - kamagra-official.to<\/title>\n<meta name=\"robots\" content=\"index, follow, max-snippet:-1, max-image-preview:large, max-video-preview:-1\" \/>\n<link rel=\"canonical\" href=\"https:\/\/kamagra-official.to\/privacy-policy\/\" \/>\n<meta property=\"og:locale\" content=\"de_DE\" \/>\n<meta property=\"og:type\" content=\"article\" \/>\n<meta property=\"og:title\" content=\"Datenschutzbestimmungen - kamagra-official.to\" \/>\n<meta property=\"og:description\" content=\"\u00a0 Allgemeine Gesch\u00e4ftsbedingungen I. Einleitende Bestimmungen Der Betreiber des Online-Shops ist: kamagra-official.to \u2013 Ruopigenring 85, 6015 Luzern, Schweiz (im Folgenden als E-Shop bezeichnet). Alle Vertragsbeziehungen werden in \u00dcbereinstimmung mit der Rechtsordnung der Schweiz. Rechtsverh\u00e4ltnisse, die nicht ausdr\u00fccklich durch diese AGB geregelt sind, unterliegen dem Gesetz Nr. 89\/2012 Coll., dem B\u00fcrgerlichen Gesetzbuch (im Folgenden als &#8222;BGB&#8220; [...]\" \/>\n<meta property=\"og:url\" content=\"https:\/\/kamagra-official.to\/privacy-policy\/\" \/>\n<meta property=\"og:site_name\" content=\"kamagra-official.to\" \/>\n<meta property=\"article:modified_time\" content=\"2025-11-21T14:28:39+00:00\" \/>\n<meta name=\"twitter:card\" content=\"summary_large_image\" \/>\n<meta name=\"twitter:label1\" content=\"Gesch\u00e4tzte Lesezeit\" \/>\n\t<meta name=\"twitter:data1\" content=\"8\u00a0Minuten\" \/>\n<script type=\"application\/ld+json\" class=\"yoast-schema-graph\">{\"@context\":\"https:\\\/\\\/schema.org\",\"@graph\":[{\"@type\":\"WebPage\",\"@id\":\"https:\\\/\\\/kamagra-official.to\\\/privacy-policy\\\/\",\"url\":\"https:\\\/\\\/kamagra-official.to\\\/privacy-policy\\\/\",\"name\":\"Datenschutzbestimmungen - kamagra-official.to\",\"isPartOf\":{\"@id\":\"https:\\\/\\\/kamagra-official.to\\\/#website\"},\"datePublished\":\"2024-12-22T10:51:55+00:00\",\"dateModified\":\"2025-11-21T14:28:39+00:00\",\"breadcrumb\":{\"@id\":\"https:\\\/\\\/kamagra-official.to\\\/privacy-policy\\\/#breadcrumb\"},\"inLanguage\":\"de\",\"potentialAction\":[{\"@type\":\"ReadAction\",\"target\":[\"https:\\\/\\\/kamagra-official.to\\\/privacy-policy\\\/\"]}]},{\"@type\":\"BreadcrumbList\",\"@id\":\"https:\\\/\\\/kamagra-official.to\\\/privacy-policy\\\/#breadcrumb\",\"itemListElement\":[{\"@type\":\"ListItem\",\"position\":1,\"name\":\"Home\",\"item\":\"https:\\\/\\\/kamagra-official.to\\\/nl\\\/\"},{\"@type\":\"ListItem\",\"position\":2,\"name\":\"Datenschutzbestimmungen\"}]},{\"@type\":\"WebSite\",\"@id\":\"https:\\\/\\\/kamagra-official.to\\\/#website\",\"url\":\"https:\\\/\\\/kamagra-official.to\\\/\",\"name\":\"kamagra-official.to\",\"description\":\"Revitalize Your Sexual Energy Across Europe\",\"publisher\":{\"@id\":\"https:\\\/\\\/kamagra-official.to\\\/#organization\"},\"potentialAction\":[{\"@type\":\"SearchAction\",\"target\":{\"@type\":\"EntryPoint\",\"urlTemplate\":\"https:\\\/\\\/kamagra-official.to\\\/?s={search_term_string}\"},\"query-input\":{\"@type\":\"PropertyValueSpecification\",\"valueRequired\":true,\"valueName\":\"search_term_string\"}}],\"inLanguage\":\"de\"},{\"@type\":\"Organization\",\"@id\":\"https:\\\/\\\/kamagra-official.to\\\/#organization\",\"name\":\"kamagra-official.to\",\"url\":\"https:\\\/\\\/kamagra-official.to\\\/\",\"logo\":{\"@type\":\"ImageObject\",\"inLanguage\":\"de\",\"@id\":\"https:\\\/\\\/kamagra-official.to\\\/#\\\/schema\\\/logo\\\/image\\\/\",\"url\":\"https:\\\/\\\/kamagra-official.to\\\/wp-content\\\/uploads\\\/2025\\\/02\\\/KAMAGRA-Photoroom-1.png\",\"contentUrl\":\"https:\\\/\\\/kamagra-official.to\\\/wp-content\\\/uploads\\\/2025\\\/02\\\/KAMAGRA-Photoroom-1.png\",\"width\":150,\"height\":153,\"caption\":\"kamagra-official.to\"},\"image\":{\"@id\":\"https:\\\/\\\/kamagra-official.to\\\/#\\\/schema\\\/logo\\\/image\\\/\"}}]}<\/script>\n<!-- \/ Yoast SEO plugin. -->","yoast_head_json":{"title":"Datenschutzbestimmungen - kamagra-official.to","robots":{"index":"index","follow":"follow","max-snippet":"max-snippet:-1","max-image-preview":"max-image-preview:large","max-video-preview":"max-video-preview:-1"},"canonical":"https:\/\/kamagra-official.to\/privacy-policy\/","og_locale":"de_DE","og_type":"article","og_title":"Datenschutzbestimmungen - kamagra-official.to","og_description":"\u00a0 Allgemeine Gesch\u00e4ftsbedingungen I. Einleitende Bestimmungen Der Betreiber des Online-Shops ist: kamagra-official.to \u2013 Ruopigenring 85, 6015 Luzern, Schweiz (im Folgenden als E-Shop bezeichnet). Alle Vertragsbeziehungen werden in \u00dcbereinstimmung mit der Rechtsordnung der Schweiz. Rechtsverh\u00e4ltnisse, die nicht ausdr\u00fccklich durch diese AGB geregelt sind, unterliegen dem Gesetz Nr. 89\/2012 Coll., dem B\u00fcrgerlichen Gesetzbuch (im Folgenden als &#8222;BGB&#8220; [...]","og_url":"https:\/\/kamagra-official.to\/privacy-policy\/","og_site_name":"kamagra-official.to","article_modified_time":"2025-11-21T14:28:39+00:00","twitter_card":"summary_large_image","twitter_misc":{"Gesch\u00e4tzte Lesezeit":"8\u00a0Minuten"},"schema":{"@context":"https:\/\/schema.org","@graph":[{"@type":"WebPage","@id":"https:\/\/kamagra-official.to\/privacy-policy\/","url":"https:\/\/kamagra-official.to\/privacy-policy\/","name":"Datenschutzbestimmungen - kamagra-official.to","isPartOf":{"@id":"https:\/\/kamagra-official.to\/#website"},"datePublished":"2024-12-22T10:51:55+00:00","dateModified":"2025-11-21T14:28:39+00:00","breadcrumb":{"@id":"https:\/\/kamagra-official.to\/privacy-policy\/#breadcrumb"},"inLanguage":"de","potentialAction":[{"@type":"ReadAction","target":["https:\/\/kamagra-official.to\/privacy-policy\/"]}]},{"@type":"BreadcrumbList","@id":"https:\/\/kamagra-official.to\/privacy-policy\/#breadcrumb","itemListElement":[{"@type":"ListItem","position":1,"name":"Home","item":"https:\/\/kamagra-official.to\/nl\/"},{"@type":"ListItem","position":2,"name":"Datenschutzbestimmungen"}]},{"@type":"WebSite","@id":"https:\/\/kamagra-official.to\/#website","url":"https:\/\/kamagra-official.to\/","name":"kamagra-official.to","description":"Revitalize Your Sexual Energy Across Europe","publisher":{"@id":"https:\/\/kamagra-official.to\/#organization"},"potentialAction":[{"@type":"SearchAction","target":{"@type":"EntryPoint","urlTemplate":"https:\/\/kamagra-official.to\/?s={search_term_string}"},"query-input":{"@type":"PropertyValueSpecification","valueRequired":true,"valueName":"search_term_string"}}],"inLanguage":"de"},{"@type":"Organization","@id":"https:\/\/kamagra-official.to\/#organization","name":"kamagra-official.to","url":"https:\/\/kamagra-official.to\/","logo":{"@type":"ImageObject","inLanguage":"de","@id":"https:\/\/kamagra-official.to\/#\/schema\/logo\/image\/","url":"https:\/\/kamagra-official.to\/wp-content\/uploads\/2025\/02\/KAMAGRA-Photoroom-1.png","contentUrl":"https:\/\/kamagra-official.to\/wp-content\/uploads\/2025\/02\/KAMAGRA-Photoroom-1.png","width":150,"height":153,"caption":"kamagra-official.to"},"image":{"@id":"https:\/\/kamagra-official.to\/#\/schema\/logo\/image\/"}}]}},"_links":{"self":[{"href":"https:\/\/kamagra-official.to\/de\/wp-json\/wp\/v2\/pages\/18327","targetHints":{"allow":["GET"]}}],"collection":[{"href":"https:\/\/kamagra-official.to\/de\/wp-json\/wp\/v2\/pages"}],"about":[{"href":"https:\/\/kamagra-official.to\/de\/wp-json\/wp\/v2\/types\/page"}],"author":[{"embeddable":true,"href":"https:\/\/kamagra-official.to\/de\/wp-json\/wp\/v2\/users\/1"}],"replies":[{"embeddable":true,"href":"https:\/\/kamagra-official.to\/de\/wp-json\/wp\/v2\/comments?post=18327"}],"version-history":[{"count":6,"href":"https:\/\/kamagra-official.to\/de\/wp-json\/wp\/v2\/pages\/18327\/revisions"}],"predecessor-version":[{"id":25068,"href":"https:\/\/kamagra-official.to\/de\/wp-json\/wp\/v2\/pages\/18327\/revisions\/25068"}],"wp:attachment":[{"href":"https:\/\/kamagra-official.to\/de\/wp-json\/wp\/v2\/media?parent=18327"}],"curies":[{"name":"wp","href":"https:\/\/api.w.org\/{rel}","templated":true}]}}