{"id":18261,"date":"2025-02-03T11:00:32","date_gmt":"2025-02-03T11:00:32","guid":{"rendered":"https:\/\/world-shop.info\/wie-man-einkauft\/"},"modified":"2025-03-06T18:56:59","modified_gmt":"2025-03-06T18:56:59","slug":"wie-man-einkauft","status":"publish","type":"page","link":"https:\/\/kamagra-official.to\/de\/wie-man-einkauft\/","title":{"rendered":"Wie man einkauft"},"content":{"rendered":"\t\t<div data-elementor-type=\"wp-page\" data-elementor-id=\"18261\" class=\"elementor elementor-18261 elementor-18263\" data-elementor-post-type=\"page\">\n\t\t\t\t<div class=\"elementor-element elementor-element-667f82e e-flex e-con-boxed e-con e-parent\" data-id=\"667f82e\" data-element_type=\"container\" data-e-type=\"container\">\n\t\t\t\t\t<div class=\"e-con-inner\">\n\t\t\t\t<div class=\"elementor-element elementor-element-0901533 elementor-widget elementor-widget-spacer\" data-id=\"0901533\" data-element_type=\"widget\" data-e-type=\"widget\" data-widget_type=\"spacer.default\">\n\t\t\t\t<div class=\"elementor-widget-container\">\n\t\t\t\t\t\t\t<div class=\"elementor-spacer\">\n\t\t\t<div class=\"elementor-spacer-inner\"><\/div>\n\t\t<\/div>\n\t\t\t\t\t\t<\/div>\n\t\t\t\t<\/div>\n\t\t\t\t\t<\/div>\n\t\t\t\t<\/div>\n\t\t<div class=\"elementor-element elementor-element-8be5346 e-flex e-con-boxed e-con e-parent\" data-id=\"8be5346\" data-element_type=\"container\" data-e-type=\"container\">\n\t\t\t\t\t<div class=\"e-con-inner\">\n\t\t\t\t<div class=\"elementor-element elementor-element-e5a2d3b elementor-widget elementor-widget-text-editor\" data-id=\"e5a2d3b\" data-element_type=\"widget\" data-e-type=\"widget\" data-widget_type=\"text-editor.default\">\n\t\t\t\t<div class=\"elementor-widget-container\">\n\t\t\t\t\t\t\t\t\t<!DOCTYPE html>\n<html lang=\"cs\">\n<head>\n    <meta charset=\"UTF-8\">\n    <meta name=\"viewport\" content=\"width=device-width, initial-scale=1.0\">\n    <title>Wie man einkauft<\/title>\n<\/head>\n<body>\n    <h2>Wie man einkauft<\/h2>\n    <p>In diesem Abschnitt finden Sie detaillierte Informationen dar\u00fcber, wie Sie in unserem Online-Shop [Ihr Firmenname] einkaufen k\u00f6nnen.<\/p>\n    \n    <h4>Produktauswahl<\/h4>\n    <p>Durchsuchen Sie unser Angebot \u00fcber Kategorien oder das Suchfeld. Durch Anklicken eines Produkts werden dessen Details angezeigt, einschlie\u00dflich Beschreibung, Spezifikationen und Kundenbewertungen.<\/p>\n    \n    <h4>Zum Warenkorb hinzuf\u00fcgen<\/h4>\n    <p>Wenn Sie ein Produkt kaufen m\u00f6chten, w\u00e4hlen Sie die gew\u00fcnschte Menge und ggf. Varianten (z. B. Gr\u00f6\u00dfe, Farbe) aus und klicken Sie dann auf die Schaltfl\u00e4che &#8222;In den Warenkorb&#8220;. Das Produkt wird zu Ihrem virtuellen Einkaufswagen hinzugef\u00fcgt.<\/p>\n    \n    <h4>Warenkorb<\/h4>\n    <p>Sie k\u00f6nnen jederzeit zum Warenkorb gehen, indem Sie auf das Wagen-Symbol in der oberen rechten Ecke der Seite klicken. Hier k\u00f6nnen Sie die Menge der Produkte \u00e4ndern, Artikel entfernen oder zur Kasse gehen, wenn Sie bereit sind, Ihren Kauf abzuschlie\u00dfen.<\/p>\n    \n    <h4>Kasse<\/h4>\n    <p>Beim Auschecken werden Sie aufgefordert, Versanddetails einzugeben und eine Versand- und Zahlungsmethode auszuw\u00e4hlen. Stellen Sie sicher, dass alle Details korrekt und vollst\u00e4ndig sind, um eine Verz\u00f6gerung bei der Bearbeitung Ihrer Bestellung zu vermeiden.<\/p>\n    \n    <h4>Zahlungsmethode<\/h4>\n    <p>Wir bieten verschiedene Zahlungsmethoden an, einschlie\u00dflich Zahlungen per Kreditkarte, Bank\u00fcberweisung und andere Methoden. W\u00e4hlen Sie diejenige, die Ihnen am besten passt.<\/p>\n    \n    <h4>Best\u00e4tigung der Bestellung<\/h4>\n    <p>Nach Abschluss des Bestellvorgangs erhalten Sie eine Best\u00e4tigungs-E-Mail mit Details zu Ihrer Bestellung. Bewahren Sie diese E-Mail f\u00fcr eventuelle Anfragen oder Anspr\u00fcche auf.<\/p>\n    \n    <h4>Versand und Lieferung<\/h4>\n    <p>Informationen zu Versand und Lieferzeiten finden Sie im Abschnitt [Link zur Seite mit den Versand- und Lieferbedingungen].<\/p>\n    \n    <h4>R\u00fccksendungen und Beschwerden<\/h4>\n    <p>Informationen \u00fcber R\u00fccksendungen und Beschwerden finden Sie in unserem Abschnitt [Link zur Seite mit R\u00fccksendungen und Beschwerden].<\/p>\n    \n    <h4>Kontaktieren Sie uns<\/h4>\n    <p>Wenn Sie Fragen zum Kaufprozess haben, z\u00f6gern Sie nicht, uns zu kontaktieren: [Kontakt E-Mail].<\/p>\n<\/body>\n<\/html>\t\t\t\t\t\t\t\t<\/div>\n\t\t\t\t<\/div>\n\t\t\t\t\t<\/div>\n\t\t\t\t<\/div>\n\t\t\t\t<\/div>\n\t\t","protected":false},"excerpt":{"rendered":"<p>Wie man einkauft Wie man einkauft In diesem Abschnitt finden Sie detaillierte Informationen dar\u00fcber, wie Sie in unserem Online-Shop [Ihr Firmenname] einkaufen k\u00f6nnen. Produktauswahl Durchsuchen Sie unser Angebot \u00fcber Kategorien oder das Suchfeld. Durch Anklicken eines Produkts werden dessen Details angezeigt, einschlie\u00dflich Beschreibung, Spezifikationen und Kundenbewertungen. Zum Warenkorb hinzuf\u00fcgen Wenn Sie ein Produkt kaufen m\u00f6chten, [&#8230;]\n","protected":false},"author":1,"featured_media":0,"parent":0,"menu_order":0,"comment_status":"closed","ping_status":"closed","template":"","meta":{"footnotes":""},"class_list":["post-18261","page","type-page","status-publish","hentry"],"yoast_head":"<!-- This site is optimized with the Yoast SEO plugin v27.5 - https:\/\/yoast.com\/product\/yoast-seo-wordpress\/ -->\n<title>Wie man einkauft - kamagra-official.to<\/title>\n<meta name=\"robots\" content=\"index, follow, max-snippet:-1, max-image-preview:large, max-video-preview:-1\" \/>\n<link rel=\"canonical\" href=\"https:\/\/kamagra-official.to\/how-to-shop\/\" \/>\n<meta property=\"og:locale\" content=\"de_DE\" \/>\n<meta property=\"og:type\" content=\"article\" \/>\n<meta property=\"og:title\" content=\"Wie man einkauft - kamagra-official.to\" \/>\n<meta property=\"og:description\" content=\"Wie man einkauft Wie man einkauft In diesem Abschnitt finden Sie detaillierte Informationen dar\u00fcber, wie Sie in unserem Online-Shop [Ihr Firmenname] einkaufen k\u00f6nnen. Produktauswahl Durchsuchen Sie unser Angebot \u00fcber Kategorien oder das Suchfeld. Durch Anklicken eines Produkts werden dessen Details angezeigt, einschlie\u00dflich Beschreibung, Spezifikationen und Kundenbewertungen. Zum Warenkorb hinzuf\u00fcgen Wenn Sie ein Produkt kaufen m\u00f6chten, [...]\" \/>\n<meta property=\"og:url\" content=\"https:\/\/kamagra-official.to\/how-to-shop\/\" \/>\n<meta property=\"og:site_name\" content=\"kamagra-official.to\" \/>\n<meta property=\"article:modified_time\" content=\"2025-03-06T18:56:59+00:00\" \/>\n<meta name=\"twitter:card\" content=\"summary_large_image\" \/>\n<meta name=\"twitter:label1\" content=\"Gesch\u00e4tzte Lesezeit\" \/>\n\t<meta name=\"twitter:data1\" content=\"1\u00a0Minute\" \/>\n<script type=\"application\/ld+json\" class=\"yoast-schema-graph\">{\"@context\":\"https:\\\/\\\/schema.org\",\"@graph\":[{\"@type\":\"WebPage\",\"@id\":\"https:\\\/\\\/kamagra-official.to\\\/how-to-shop\\\/\",\"url\":\"https:\\\/\\\/kamagra-official.to\\\/how-to-shop\\\/\",\"name\":\"Wie man einkauft - kamagra-official.to\",\"isPartOf\":{\"@id\":\"https:\\\/\\\/kamagra-official.to\\\/#website\"},\"datePublished\":\"2025-02-03T11:00:32+00:00\",\"dateModified\":\"2025-03-06T18:56:59+00:00\",\"breadcrumb\":{\"@id\":\"https:\\\/\\\/kamagra-official.to\\\/how-to-shop\\\/#breadcrumb\"},\"inLanguage\":\"de\",\"potentialAction\":[{\"@type\":\"ReadAction\",\"target\":[\"https:\\\/\\\/kamagra-official.to\\\/how-to-shop\\\/\"]}]},{\"@type\":\"BreadcrumbList\",\"@id\":\"https:\\\/\\\/kamagra-official.to\\\/how-to-shop\\\/#breadcrumb\",\"itemListElement\":[{\"@type\":\"ListItem\",\"position\":1,\"name\":\"Home\",\"item\":\"https:\\\/\\\/kamagra-official.to\\\/nl\\\/\"},{\"@type\":\"ListItem\",\"position\":2,\"name\":\"Wie man einkauft\"}]},{\"@type\":\"WebSite\",\"@id\":\"https:\\\/\\\/kamagra-official.to\\\/#website\",\"url\":\"https:\\\/\\\/kamagra-official.to\\\/\",\"name\":\"kamagra-official.to\",\"description\":\"Revitalize Your Sexual Energy Across Europe\",\"publisher\":{\"@id\":\"https:\\\/\\\/kamagra-official.to\\\/#organization\"},\"potentialAction\":[{\"@type\":\"SearchAction\",\"target\":{\"@type\":\"EntryPoint\",\"urlTemplate\":\"https:\\\/\\\/kamagra-official.to\\\/?s={search_term_string}\"},\"query-input\":{\"@type\":\"PropertyValueSpecification\",\"valueRequired\":true,\"valueName\":\"search_term_string\"}}],\"inLanguage\":\"de\"},{\"@type\":\"Organization\",\"@id\":\"https:\\\/\\\/kamagra-official.to\\\/#organization\",\"name\":\"kamagra-official.to\",\"url\":\"https:\\\/\\\/kamagra-official.to\\\/\",\"logo\":{\"@type\":\"ImageObject\",\"inLanguage\":\"de\",\"@id\":\"https:\\\/\\\/kamagra-official.to\\\/#\\\/schema\\\/logo\\\/image\\\/\",\"url\":\"https:\\\/\\\/kamagra-official.to\\\/wp-content\\\/uploads\\\/2025\\\/02\\\/KAMAGRA-Photoroom-1.png\",\"contentUrl\":\"https:\\\/\\\/kamagra-official.to\\\/wp-content\\\/uploads\\\/2025\\\/02\\\/KAMAGRA-Photoroom-1.png\",\"width\":150,\"height\":153,\"caption\":\"kamagra-official.to\"},\"image\":{\"@id\":\"https:\\\/\\\/kamagra-official.to\\\/#\\\/schema\\\/logo\\\/image\\\/\"}}]}<\/script>\n<!-- \/ Yoast SEO plugin. -->","yoast_head_json":{"title":"Wie man einkauft - kamagra-official.to","robots":{"index":"index","follow":"follow","max-snippet":"max-snippet:-1","max-image-preview":"max-image-preview:large","max-video-preview":"max-video-preview:-1"},"canonical":"https:\/\/kamagra-official.to\/how-to-shop\/","og_locale":"de_DE","og_type":"article","og_title":"Wie man einkauft - kamagra-official.to","og_description":"Wie man einkauft Wie man einkauft In diesem Abschnitt finden Sie detaillierte Informationen dar\u00fcber, wie Sie in unserem Online-Shop [Ihr Firmenname] einkaufen k\u00f6nnen. Produktauswahl Durchsuchen Sie unser Angebot \u00fcber Kategorien oder das Suchfeld. Durch Anklicken eines Produkts werden dessen Details angezeigt, einschlie\u00dflich Beschreibung, Spezifikationen und Kundenbewertungen. Zum Warenkorb hinzuf\u00fcgen Wenn Sie ein Produkt kaufen m\u00f6chten, [...]","og_url":"https:\/\/kamagra-official.to\/how-to-shop\/","og_site_name":"kamagra-official.to","article_modified_time":"2025-03-06T18:56:59+00:00","twitter_card":"summary_large_image","twitter_misc":{"Gesch\u00e4tzte Lesezeit":"1\u00a0Minute"},"schema":{"@context":"https:\/\/schema.org","@graph":[{"@type":"WebPage","@id":"https:\/\/kamagra-official.to\/how-to-shop\/","url":"https:\/\/kamagra-official.to\/how-to-shop\/","name":"Wie man einkauft - kamagra-official.to","isPartOf":{"@id":"https:\/\/kamagra-official.to\/#website"},"datePublished":"2025-02-03T11:00:32+00:00","dateModified":"2025-03-06T18:56:59+00:00","breadcrumb":{"@id":"https:\/\/kamagra-official.to\/how-to-shop\/#breadcrumb"},"inLanguage":"de","potentialAction":[{"@type":"ReadAction","target":["https:\/\/kamagra-official.to\/how-to-shop\/"]}]},{"@type":"BreadcrumbList","@id":"https:\/\/kamagra-official.to\/how-to-shop\/#breadcrumb","itemListElement":[{"@type":"ListItem","position":1,"name":"Home","item":"https:\/\/kamagra-official.to\/nl\/"},{"@type":"ListItem","position":2,"name":"Wie man einkauft"}]},{"@type":"WebSite","@id":"https:\/\/kamagra-official.to\/#website","url":"https:\/\/kamagra-official.to\/","name":"kamagra-official.to","description":"Revitalize Your Sexual Energy Across Europe","publisher":{"@id":"https:\/\/kamagra-official.to\/#organization"},"potentialAction":[{"@type":"SearchAction","target":{"@type":"EntryPoint","urlTemplate":"https:\/\/kamagra-official.to\/?s={search_term_string}"},"query-input":{"@type":"PropertyValueSpecification","valueRequired":true,"valueName":"search_term_string"}}],"inLanguage":"de"},{"@type":"Organization","@id":"https:\/\/kamagra-official.to\/#organization","name":"kamagra-official.to","url":"https:\/\/kamagra-official.to\/","logo":{"@type":"ImageObject","inLanguage":"de","@id":"https:\/\/kamagra-official.to\/#\/schema\/logo\/image\/","url":"https:\/\/kamagra-official.to\/wp-content\/uploads\/2025\/02\/KAMAGRA-Photoroom-1.png","contentUrl":"https:\/\/kamagra-official.to\/wp-content\/uploads\/2025\/02\/KAMAGRA-Photoroom-1.png","width":150,"height":153,"caption":"kamagra-official.to"},"image":{"@id":"https:\/\/kamagra-official.to\/#\/schema\/logo\/image\/"}}]}},"_links":{"self":[{"href":"https:\/\/kamagra-official.to\/de\/wp-json\/wp\/v2\/pages\/18261","targetHints":{"allow":["GET"]}}],"collection":[{"href":"https:\/\/kamagra-official.to\/de\/wp-json\/wp\/v2\/pages"}],"about":[{"href":"https:\/\/kamagra-official.to\/de\/wp-json\/wp\/v2\/types\/page"}],"author":[{"embeddable":true,"href":"https:\/\/kamagra-official.to\/de\/wp-json\/wp\/v2\/users\/1"}],"replies":[{"embeddable":true,"href":"https:\/\/kamagra-official.to\/de\/wp-json\/wp\/v2\/comments?post=18261"}],"version-history":[{"count":7,"href":"https:\/\/kamagra-official.to\/de\/wp-json\/wp\/v2\/pages\/18261\/revisions"}],"predecessor-version":[{"id":20479,"href":"https:\/\/kamagra-official.to\/de\/wp-json\/wp\/v2\/pages\/18261\/revisions\/20479"}],"wp:attachment":[{"href":"https:\/\/kamagra-official.to\/de\/wp-json\/wp\/v2\/media?parent=18261"}],"curies":[{"name":"wp","href":"https:\/\/api.w.org\/{rel}","templated":true}]}}