{"id":17748,"date":"2025-02-03T10:59:45","date_gmt":"2025-02-03T10:59:45","guid":{"rendered":"https:\/\/world-shop.info\/versand-und-zahlung\/"},"modified":"2025-02-11T15:26:54","modified_gmt":"2025-02-11T15:26:54","slug":"versand-und-zahlung","status":"publish","type":"page","link":"https:\/\/kamagra-official.to\/de\/versand-und-zahlung\/","title":{"rendered":"Versand und Zahlung"},"content":{"rendered":"\t\t<div data-elementor-type=\"wp-page\" data-elementor-id=\"17748\" class=\"elementor elementor-17748 elementor-17387\" data-elementor-post-type=\"page\">\n\t\t\t\t<div class=\"elementor-element elementor-element-e5b1460 e-flex e-con-boxed e-con e-parent\" data-id=\"e5b1460\" data-element_type=\"container\" data-e-type=\"container\">\n\t\t\t\t\t<div class=\"e-con-inner\">\n\t\t\t\t<div class=\"elementor-element elementor-element-ca36751 elementor-widget elementor-widget-spacer\" data-id=\"ca36751\" data-element_type=\"widget\" data-e-type=\"widget\" data-widget_type=\"spacer.default\">\n\t\t\t\t<div class=\"elementor-widget-container\">\n\t\t\t\t\t\t\t<div class=\"elementor-spacer\">\n\t\t\t<div class=\"elementor-spacer-inner\"><\/div>\n\t\t<\/div>\n\t\t\t\t\t\t<\/div>\n\t\t\t\t<\/div>\n\t\t\t\t\t<\/div>\n\t\t\t\t<\/div>\n\t\t<div class=\"elementor-element elementor-element-f84ae7d e-flex e-con-boxed e-con e-parent\" data-id=\"f84ae7d\" data-element_type=\"container\" data-e-type=\"container\">\n\t\t\t\t\t<div class=\"e-con-inner\">\n\t\t\t\t<div class=\"elementor-element elementor-element-9adf117 elementor-widget elementor-widget-text-editor\" data-id=\"9adf117\" data-element_type=\"widget\" data-e-type=\"widget\" data-widget_type=\"text-editor.default\">\n\t\t\t\t<div class=\"elementor-widget-container\">\n\t\t\t\t\t\t\t\t\t<!DOCTYPE html>\n<html lang=\"de\">\n<head>\n    <meta charset=\"UTF-8\">\n    <meta name=\"viewport\" content=\"width=device-width, initial-scale=1.0\">\n    <title>Bezahlung bei Lieferung<\/title>\n<\/head>\n<body>\n    <h2>Bezahlung bei Lieferung<\/h2>\n    <p>Dieser Abschnitt bietet Informationen \u00fcber die M\u00f6glichkeit der Lieferung mit Zahlung bei Lieferung bei einem Kauf in unserem Gesch\u00e4ft [Name Ihres Unternehmens].<\/p>\n    \n    <h4>M\u00f6glichkeit der Zahlung bei Lieferung<\/h4>\n    <p>Zahlung bei Lieferung ist eine bequeme M\u00f6glichkeit, f\u00fcr die bestellte Ware erst bei der Lieferung zu bezahlen. Dieser Service ist \u00fcber den Kurierdienst verf\u00fcgbar.<\/p>\n    \n    <h4>Wie funktioniert die Zahlung bei Lieferung<\/h4>\n    <p>Nach Abschluss der Bestellung und Auswahl der Zahlung bei Lieferung als Zahlungsmethode bereiten wir Ihre Sendung vor und senden sie ab. Bei der Lieferung der Ware zahlen Sie dem Kurier in bar oder per Karte, je nach Ihrer Pr\u00e4ferenz.<\/p>\n    \n    <h4>Lieferzeiten<\/h4>\n    <p>Die Lieferzeit bei Zahlung bei Lieferung betr\u00e4gt in der Regel 2-5 Arbeitstage, abh\u00e4ngig von Ihrem Standort.<\/p>\n   \n    <h4>Vorteile der Zahlung bei Lieferung<\/h4>\n    <ul>\n        <li><strong>Bequemlichkeit<\/strong> &#8211; Bezahlen Sie erst bei Erhalt der Ware.<\/li>\n        <li><strong>Sicherheit<\/strong> &#8211; Sie m\u00fcssen keine Zahlungsinformationen online bereitstellen.<\/li>\n        <li><strong>Flexibilit\u00e4t<\/strong> &#8211; M\u00f6glichkeit, in bar oder per Karte bei Lieferung zu zahlen.<\/li>\n    <\/ul>\n    \n    <h4>Kontaktieren Sie uns<\/h4>\n    <p>Wenn Sie Fragen zur Lieferung mit Zahlung bei Lieferung haben, z\u00f6gern Sie bitte nicht, uns unter: [Kontakt-E-Mail] zu kontaktieren.<\/p>\n<\/body>\n<\/html>\t\t\t\t\t\t\t\t<\/div>\n\t\t\t\t<\/div>\n\t\t\t\t\t<\/div>\n\t\t\t\t<\/div>\n\t\t\t\t<\/div>\n\t\t","protected":false},"excerpt":{"rendered":"<p>Bezahlung bei Lieferung Bezahlung bei Lieferung Dieser Abschnitt bietet Informationen \u00fcber die M\u00f6glichkeit der Lieferung mit Zahlung bei Lieferung bei einem Kauf in unserem Gesch\u00e4ft [Name Ihres Unternehmens]. M\u00f6glichkeit der Zahlung bei Lieferung Zahlung bei Lieferung ist eine bequeme M\u00f6glichkeit, f\u00fcr die bestellte Ware erst bei der Lieferung zu bezahlen. Dieser Service ist \u00fcber den [&#8230;]\n","protected":false},"author":1,"featured_media":0,"parent":0,"menu_order":0,"comment_status":"closed","ping_status":"closed","template":"","meta":{"footnotes":""},"class_list":["post-17748","page","type-page","status-publish","hentry"],"yoast_head":"<!-- This site is optimized with the Yoast SEO plugin v27.5 - https:\/\/yoast.com\/product\/yoast-seo-wordpress\/ -->\n<title>Versand und Zahlung - kamagra-official.to<\/title>\n<meta name=\"robots\" content=\"index, follow, max-snippet:-1, max-image-preview:large, max-video-preview:-1\" \/>\n<link rel=\"canonical\" href=\"https:\/\/kamagra-official.to\/shipping-and-payment\/\" \/>\n<meta property=\"og:locale\" content=\"de_DE\" \/>\n<meta property=\"og:type\" content=\"article\" \/>\n<meta property=\"og:title\" content=\"Versand und Zahlung - kamagra-official.to\" \/>\n<meta property=\"og:description\" content=\"Bezahlung bei Lieferung Bezahlung bei Lieferung Dieser Abschnitt bietet Informationen \u00fcber die M\u00f6glichkeit der Lieferung mit Zahlung bei Lieferung bei einem Kauf in unserem Gesch\u00e4ft [Name Ihres Unternehmens]. M\u00f6glichkeit der Zahlung bei Lieferung Zahlung bei Lieferung ist eine bequeme M\u00f6glichkeit, f\u00fcr die bestellte Ware erst bei der Lieferung zu bezahlen. Dieser Service ist \u00fcber den [...]\" \/>\n<meta property=\"og:url\" content=\"https:\/\/kamagra-official.to\/shipping-and-payment\/\" \/>\n<meta property=\"og:site_name\" content=\"kamagra-official.to\" \/>\n<meta property=\"article:modified_time\" content=\"2025-02-11T15:26:54+00:00\" \/>\n<meta name=\"twitter:card\" content=\"summary_large_image\" \/>\n<meta name=\"twitter:label1\" content=\"Gesch\u00e4tzte Lesezeit\" \/>\n\t<meta name=\"twitter:data1\" content=\"1\u00a0Minute\" \/>\n<script type=\"application\/ld+json\" class=\"yoast-schema-graph\">{\"@context\":\"https:\\\/\\\/schema.org\",\"@graph\":[{\"@type\":\"WebPage\",\"@id\":\"https:\\\/\\\/kamagra-official.to\\\/shipping-and-payment\\\/\",\"url\":\"https:\\\/\\\/kamagra-official.to\\\/shipping-and-payment\\\/\",\"name\":\"Versand und Zahlung - kamagra-official.to\",\"isPartOf\":{\"@id\":\"https:\\\/\\\/kamagra-official.to\\\/#website\"},\"datePublished\":\"2025-02-03T10:59:45+00:00\",\"dateModified\":\"2025-02-11T15:26:54+00:00\",\"breadcrumb\":{\"@id\":\"https:\\\/\\\/kamagra-official.to\\\/shipping-and-payment\\\/#breadcrumb\"},\"inLanguage\":\"de\",\"potentialAction\":[{\"@type\":\"ReadAction\",\"target\":[\"https:\\\/\\\/kamagra-official.to\\\/shipping-and-payment\\\/\"]}]},{\"@type\":\"BreadcrumbList\",\"@id\":\"https:\\\/\\\/kamagra-official.to\\\/shipping-and-payment\\\/#breadcrumb\",\"itemListElement\":[{\"@type\":\"ListItem\",\"position\":1,\"name\":\"Home\",\"item\":\"https:\\\/\\\/kamagra-official.to\\\/nl\\\/\"},{\"@type\":\"ListItem\",\"position\":2,\"name\":\"Versand und Zahlung\"}]},{\"@type\":\"WebSite\",\"@id\":\"https:\\\/\\\/kamagra-official.to\\\/#website\",\"url\":\"https:\\\/\\\/kamagra-official.to\\\/\",\"name\":\"kamagra-official.to\",\"description\":\"Revitalize Your Sexual Energy Across Europe\",\"publisher\":{\"@id\":\"https:\\\/\\\/kamagra-official.to\\\/#organization\"},\"potentialAction\":[{\"@type\":\"SearchAction\",\"target\":{\"@type\":\"EntryPoint\",\"urlTemplate\":\"https:\\\/\\\/kamagra-official.to\\\/?s={search_term_string}\"},\"query-input\":{\"@type\":\"PropertyValueSpecification\",\"valueRequired\":true,\"valueName\":\"search_term_string\"}}],\"inLanguage\":\"de\"},{\"@type\":\"Organization\",\"@id\":\"https:\\\/\\\/kamagra-official.to\\\/#organization\",\"name\":\"kamagra-official.to\",\"url\":\"https:\\\/\\\/kamagra-official.to\\\/\",\"logo\":{\"@type\":\"ImageObject\",\"inLanguage\":\"de\",\"@id\":\"https:\\\/\\\/kamagra-official.to\\\/#\\\/schema\\\/logo\\\/image\\\/\",\"url\":\"https:\\\/\\\/kamagra-official.to\\\/wp-content\\\/uploads\\\/2025\\\/02\\\/KAMAGRA-Photoroom-1.png\",\"contentUrl\":\"https:\\\/\\\/kamagra-official.to\\\/wp-content\\\/uploads\\\/2025\\\/02\\\/KAMAGRA-Photoroom-1.png\",\"width\":150,\"height\":153,\"caption\":\"kamagra-official.to\"},\"image\":{\"@id\":\"https:\\\/\\\/kamagra-official.to\\\/#\\\/schema\\\/logo\\\/image\\\/\"}}]}<\/script>\n<!-- \/ Yoast SEO plugin. -->","yoast_head_json":{"title":"Versand und Zahlung - kamagra-official.to","robots":{"index":"index","follow":"follow","max-snippet":"max-snippet:-1","max-image-preview":"max-image-preview:large","max-video-preview":"max-video-preview:-1"},"canonical":"https:\/\/kamagra-official.to\/shipping-and-payment\/","og_locale":"de_DE","og_type":"article","og_title":"Versand und Zahlung - kamagra-official.to","og_description":"Bezahlung bei Lieferung Bezahlung bei Lieferung Dieser Abschnitt bietet Informationen \u00fcber die M\u00f6glichkeit der Lieferung mit Zahlung bei Lieferung bei einem Kauf in unserem Gesch\u00e4ft [Name Ihres Unternehmens]. M\u00f6glichkeit der Zahlung bei Lieferung Zahlung bei Lieferung ist eine bequeme M\u00f6glichkeit, f\u00fcr die bestellte Ware erst bei der Lieferung zu bezahlen. Dieser Service ist \u00fcber den [...]","og_url":"https:\/\/kamagra-official.to\/shipping-and-payment\/","og_site_name":"kamagra-official.to","article_modified_time":"2025-02-11T15:26:54+00:00","twitter_card":"summary_large_image","twitter_misc":{"Gesch\u00e4tzte Lesezeit":"1\u00a0Minute"},"schema":{"@context":"https:\/\/schema.org","@graph":[{"@type":"WebPage","@id":"https:\/\/kamagra-official.to\/shipping-and-payment\/","url":"https:\/\/kamagra-official.to\/shipping-and-payment\/","name":"Versand und Zahlung - kamagra-official.to","isPartOf":{"@id":"https:\/\/kamagra-official.to\/#website"},"datePublished":"2025-02-03T10:59:45+00:00","dateModified":"2025-02-11T15:26:54+00:00","breadcrumb":{"@id":"https:\/\/kamagra-official.to\/shipping-and-payment\/#breadcrumb"},"inLanguage":"de","potentialAction":[{"@type":"ReadAction","target":["https:\/\/kamagra-official.to\/shipping-and-payment\/"]}]},{"@type":"BreadcrumbList","@id":"https:\/\/kamagra-official.to\/shipping-and-payment\/#breadcrumb","itemListElement":[{"@type":"ListItem","position":1,"name":"Home","item":"https:\/\/kamagra-official.to\/nl\/"},{"@type":"ListItem","position":2,"name":"Versand und Zahlung"}]},{"@type":"WebSite","@id":"https:\/\/kamagra-official.to\/#website","url":"https:\/\/kamagra-official.to\/","name":"kamagra-official.to","description":"Revitalize Your Sexual Energy Across Europe","publisher":{"@id":"https:\/\/kamagra-official.to\/#organization"},"potentialAction":[{"@type":"SearchAction","target":{"@type":"EntryPoint","urlTemplate":"https:\/\/kamagra-official.to\/?s={search_term_string}"},"query-input":{"@type":"PropertyValueSpecification","valueRequired":true,"valueName":"search_term_string"}}],"inLanguage":"de"},{"@type":"Organization","@id":"https:\/\/kamagra-official.to\/#organization","name":"kamagra-official.to","url":"https:\/\/kamagra-official.to\/","logo":{"@type":"ImageObject","inLanguage":"de","@id":"https:\/\/kamagra-official.to\/#\/schema\/logo\/image\/","url":"https:\/\/kamagra-official.to\/wp-content\/uploads\/2025\/02\/KAMAGRA-Photoroom-1.png","contentUrl":"https:\/\/kamagra-official.to\/wp-content\/uploads\/2025\/02\/KAMAGRA-Photoroom-1.png","width":150,"height":153,"caption":"kamagra-official.to"},"image":{"@id":"https:\/\/kamagra-official.to\/#\/schema\/logo\/image\/"}}]}},"_links":{"self":[{"href":"https:\/\/kamagra-official.to\/de\/wp-json\/wp\/v2\/pages\/17748","targetHints":{"allow":["GET"]}}],"collection":[{"href":"https:\/\/kamagra-official.to\/de\/wp-json\/wp\/v2\/pages"}],"about":[{"href":"https:\/\/kamagra-official.to\/de\/wp-json\/wp\/v2\/types\/page"}],"author":[{"embeddable":true,"href":"https:\/\/kamagra-official.to\/de\/wp-json\/wp\/v2\/users\/1"}],"replies":[{"embeddable":true,"href":"https:\/\/kamagra-official.to\/de\/wp-json\/wp\/v2\/comments?post=17748"}],"version-history":[{"count":5,"href":"https:\/\/kamagra-official.to\/de\/wp-json\/wp\/v2\/pages\/17748\/revisions"}],"predecessor-version":[{"id":18410,"href":"https:\/\/kamagra-official.to\/de\/wp-json\/wp\/v2\/pages\/17748\/revisions\/18410"}],"wp:attachment":[{"href":"https:\/\/kamagra-official.to\/de\/wp-json\/wp\/v2\/media?parent=17748"}],"curies":[{"name":"wp","href":"https:\/\/api.w.org\/{rel}","templated":true}]}}